{"id":41,"date":"2023-09-25T23:05:26","date_gmt":"2023-09-25T23:05:26","guid":{"rendered":"https:\/\/www.affectionate-easley.212-75-51-32.plesk.page\/wordpress\/?page_id=41"},"modified":"2026-01-29T12:10:20","modified_gmt":"2026-01-29T12:10:20","slug":"schulsozial-arbeit","status":"publish","type":"page","link":"https:\/\/gswest.schule.neu-ulm.de\/wordpress\/?page_id=41","title":{"rendered":"Sozialarbeit an der Schule"},"content":{"rendered":"\n<p>Wir kooperieren eng mit der Schulsozialarbeit der Stadt Neu-Ulm.<br><strong>Frau Kutzelmann<\/strong> hat ein offenes Ohr f\u00fcr (ehemalige) Sch\u00fcler\/-innen, Eltern und Lehrer\/-innen und Rektor\/-innen.<\/p>\n\n\n\n<p><strong>Zu Ihren Aufgaben geh\u00f6ren<\/strong>:<\/p>\n\n\n\n<p>Ansprechpartner bei pers\u00f6nlichen, famili\u00e4ren und entwicklungsspezifischen Anforderungen<br>F\u00f6rderung und Unterst\u00fctzung bei der Pers\u00f6nlichkeitsentwicklung<br>Begleitung und Hilfe bei der \u00dcberwindung schwieriger Lebenslage<br>&nbsp;<\/p>\n\n\n\n<p><strong>Angebote der Schulsozialarbeit:<\/strong><\/p>\n\n\n\n<p>Beratung, Einzelfallarbeit, sowie Vermittlung an externe Fachstellen<br>Soziales Kompetenztraining<br>Sozialp\u00e4dagogische Gruppenarbeit<br>Klassen- und Pr\u00e4ventionsprojekte<br>Ferienprogramm<br>&nbsp;<\/p>\n\n\n\n<p>Das Beratungsangebot der Schulsozialarbeit ist vertraulich, freiwillig und kostenfrei.<br>Auf Grundlage von Transparenz, Neutralit\u00e4t, Verschwiegenheit, Freiwilligkeit und Eigenst\u00e4ndigkeit arbeitet die Schulsozialarbeit nach einer Auftragskl\u00e4rung.<\/p>\n\n\n\n<p><strong>Sie erreichen mich unter \u2026<\/strong><\/p>\n\n\n\n<p>Sandra Kutzelmann<\/p>\n\n\n\n<p>Raum: 01- 1.OG<\/p>\n\n\n\n<p><strong>Tel.: 0731-7050-2763<\/strong><\/p>\n\n\n\n<p><strong>E-Mail: s.kutzelmann@neu-ulm.de<\/strong>&nbsp;<\/p>\n\n\n\n<p>oder \u00fcber den Schulmanager unserer Schule <\/p>\n\n\n\n<p><strong>Flyer der Schulsozialarbeit<\/strong><\/p>\n\n\n\n<div data-wp-interactive=\"core\/file\" class=\"wp-block-file\"><object data-wp-bind--hidden=\"!state.hasPdfPreview\" hidden class=\"wp-block-file__embed\" data=\"https:\/\/gswest.schule.neu-ulm.de\/wordpress\/wp-content\/uploads\/2026\/01\/Flyer-SSA-aktuell-1.pdf\" type=\"application\/pdf\" style=\"width:100%;height:600px\" aria-label=\"Einbettung von Flyer-SSA-aktuell (1).\"><\/object><a id=\"wp-block-file--media-b6b277f6-f8a1-46eb-b84d-3a48a7528b0d\" href=\"https:\/\/gswest.schule.neu-ulm.de\/wordpress\/wp-content\/uploads\/2026\/01\/Flyer-SSA-aktuell-1.pdf\">Flyer-SSA-aktuell (1)<\/a><a href=\"https:\/\/gswest.schule.neu-ulm.de\/wordpress\/wp-content\/uploads\/2026\/01\/Flyer-SSA-aktuell-1.pdf\" class=\"wp-block-file__button wp-element-button\" download aria-describedby=\"wp-block-file--media-b6b277f6-f8a1-46eb-b84d-3a48a7528b0d\">Herunterladen<\/a><\/div>\n","protected":false},"excerpt":{"rendered":"<p>Wir kooperieren eng mit der Schulsozialarbeit der Stadt Neu-Ulm.Frau Kutzelmann hat ein offenes Ohr f\u00fcr (ehemalige) Sch\u00fcler\/-innen, Eltern und Lehrer\/-innen und Rektor\/-innen. Zu Ihren Aufgaben geh\u00f6ren: Ansprechpartner bei pers\u00f6nlichen, famili\u00e4ren und entwicklungsspezifischen AnforderungenF\u00f6rderung und Unterst\u00fctzung bei der Pers\u00f6nlichkeitsentwicklungBegleitung und Hilfe bei der \u00dcberwindung schwieriger Lebenslage&nbsp; Angebote der Schulsozialarbeit: Beratung, Einzelfallarbeit, sowie Vermittlung an externe FachstellenSoziales&hellip; <a class=\"more-link\" href=\"https:\/\/gswest.schule.neu-ulm.de\/wordpress\/?page_id=41\"><span class=\"screen-reader-text\">Sozialarbeit an der Schule<\/span> weiterlesen<\/a><\/p>\n","protected":false},"author":1,"featured_media":0,"parent":0,"menu_order":0,"comment_status":"closed","ping_status":"closed","template":"","meta":{"footnotes":""},"class_list":["post-41","page","type-page","status-publish","hentry","entry"],"yoast_head":"<!-- This site is optimized with the Yoast SEO plugin v26.9 - https:\/\/yoast.com\/product\/yoast-seo-wordpress\/ -->\n<title>Sozialarbeit an der Schule - Grundschule Neu-Ulm Weststadt<\/title>\n<meta name=\"robots\" content=\"index, follow, max-snippet:-1, max-image-preview:large, max-video-preview:-1\" \/>\n<link rel=\"canonical\" href=\"https:\/\/gswest.schule.neu-ulm.de\/wordpress\/?page_id=41\" \/>\n<meta property=\"og:locale\" content=\"de_DE\" \/>\n<meta property=\"og:type\" content=\"article\" \/>\n<meta property=\"og:title\" content=\"Sozialarbeit an der Schule - Grundschule Neu-Ulm Weststadt\" \/>\n<meta property=\"og:description\" content=\"Wir kooperieren eng mit der Schulsozialarbeit der Stadt Neu-Ulm.Frau Kutzelmann hat ein offenes Ohr f\u00fcr (ehemalige) Sch\u00fcler\/-innen, Eltern und Lehrer\/-innen und Rektor\/-innen. Zu Ihren Aufgaben geh\u00f6ren: Ansprechpartner bei pers\u00f6nlichen, famili\u00e4ren und entwicklungsspezifischen AnforderungenF\u00f6rderung und Unterst\u00fctzung bei der Pers\u00f6nlichkeitsentwicklungBegleitung und Hilfe bei der \u00dcberwindung schwieriger Lebenslage&nbsp; Angebote der Schulsozialarbeit: Beratung, Einzelfallarbeit, sowie Vermittlung an externe FachstellenSoziales&hellip; Sozialarbeit an der Schule weiterlesen\" \/>\n<meta property=\"og:url\" content=\"https:\/\/gswest.schule.neu-ulm.de\/wordpress\/?page_id=41\" \/>\n<meta property=\"og:site_name\" content=\"Grundschule Neu-Ulm Weststadt\" \/>\n<meta property=\"article:modified_time\" content=\"2026-01-29T12:10:20+00:00\" \/>\n<meta name=\"twitter:card\" content=\"summary_large_image\" \/>\n<meta name=\"twitter:label1\" content=\"Gesch\u00e4tzte Lesezeit\" \/>\n\t<meta name=\"twitter:data1\" content=\"1\u00a0Minute\" \/>\n<script type=\"application\/ld+json\" class=\"yoast-schema-graph\">{\"@context\":\"https:\/\/schema.org\",\"@graph\":[{\"@type\":\"WebPage\",\"@id\":\"https:\/\/gswest.schule.neu-ulm.de\/wordpress\/?page_id=41\",\"url\":\"https:\/\/gswest.schule.neu-ulm.de\/wordpress\/?page_id=41\",\"name\":\"Sozialarbeit an der Schule - Grundschule Neu-Ulm Weststadt\",\"isPartOf\":{\"@id\":\"https:\/\/gswest.schule.neu-ulm.de\/wordpress\/#website\"},\"datePublished\":\"2023-09-25T23:05:26+00:00\",\"dateModified\":\"2026-01-29T12:10:20+00:00\",\"breadcrumb\":{\"@id\":\"https:\/\/gswest.schule.neu-ulm.de\/wordpress\/?page_id=41#breadcrumb\"},\"inLanguage\":\"de\",\"potentialAction\":[{\"@type\":\"ReadAction\",\"target\":[\"https:\/\/gswest.schule.neu-ulm.de\/wordpress\/?page_id=41\"]}]},{\"@type\":\"BreadcrumbList\",\"@id\":\"https:\/\/gswest.schule.neu-ulm.de\/wordpress\/?page_id=41#breadcrumb\",\"itemListElement\":[{\"@type\":\"ListItem\",\"position\":1,\"name\":\"Startseite\",\"item\":\"https:\/\/gswest.schule.neu-ulm.de\/wordpress\/\"},{\"@type\":\"ListItem\",\"position\":2,\"name\":\"Sozialarbeit an der Schule\"}]},{\"@type\":\"WebSite\",\"@id\":\"https:\/\/gswest.schule.neu-ulm.de\/wordpress\/#website\",\"url\":\"https:\/\/gswest.schule.neu-ulm.de\/wordpress\/\",\"name\":\"Grundschule Neu-Ulm Weststadt\",\"description\":\"\",\"potentialAction\":[{\"@type\":\"SearchAction\",\"target\":{\"@type\":\"EntryPoint\",\"urlTemplate\":\"https:\/\/gswest.schule.neu-ulm.de\/wordpress\/?s={search_term_string}\"},\"query-input\":{\"@type\":\"PropertyValueSpecification\",\"valueRequired\":true,\"valueName\":\"search_term_string\"}}],\"inLanguage\":\"de\"}]}<\/script>\n<!-- \/ Yoast SEO plugin. -->","yoast_head_json":{"title":"Sozialarbeit an der Schule - Grundschule Neu-Ulm Weststadt","robots":{"index":"index","follow":"follow","max-snippet":"max-snippet:-1","max-image-preview":"max-image-preview:large","max-video-preview":"max-video-preview:-1"},"canonical":"https:\/\/gswest.schule.neu-ulm.de\/wordpress\/?page_id=41","og_locale":"de_DE","og_type":"article","og_title":"Sozialarbeit an der Schule - Grundschule Neu-Ulm Weststadt","og_description":"Wir kooperieren eng mit der Schulsozialarbeit der Stadt Neu-Ulm.Frau Kutzelmann hat ein offenes Ohr f\u00fcr (ehemalige) Sch\u00fcler\/-innen, Eltern und Lehrer\/-innen und Rektor\/-innen. Zu Ihren Aufgaben geh\u00f6ren: Ansprechpartner bei pers\u00f6nlichen, famili\u00e4ren und entwicklungsspezifischen AnforderungenF\u00f6rderung und Unterst\u00fctzung bei der Pers\u00f6nlichkeitsentwicklungBegleitung und Hilfe bei der \u00dcberwindung schwieriger Lebenslage&nbsp; Angebote der Schulsozialarbeit: Beratung, Einzelfallarbeit, sowie Vermittlung an externe FachstellenSoziales&hellip; Sozialarbeit an der Schule weiterlesen","og_url":"https:\/\/gswest.schule.neu-ulm.de\/wordpress\/?page_id=41","og_site_name":"Grundschule Neu-Ulm Weststadt","article_modified_time":"2026-01-29T12:10:20+00:00","twitter_card":"summary_large_image","twitter_misc":{"Gesch\u00e4tzte Lesezeit":"1\u00a0Minute"},"schema":{"@context":"https:\/\/schema.org","@graph":[{"@type":"WebPage","@id":"https:\/\/gswest.schule.neu-ulm.de\/wordpress\/?page_id=41","url":"https:\/\/gswest.schule.neu-ulm.de\/wordpress\/?page_id=41","name":"Sozialarbeit an der Schule - Grundschule Neu-Ulm Weststadt","isPartOf":{"@id":"https:\/\/gswest.schule.neu-ulm.de\/wordpress\/#website"},"datePublished":"2023-09-25T23:05:26+00:00","dateModified":"2026-01-29T12:10:20+00:00","breadcrumb":{"@id":"https:\/\/gswest.schule.neu-ulm.de\/wordpress\/?page_id=41#breadcrumb"},"inLanguage":"de","potentialAction":[{"@type":"ReadAction","target":["https:\/\/gswest.schule.neu-ulm.de\/wordpress\/?page_id=41"]}]},{"@type":"BreadcrumbList","@id":"https:\/\/gswest.schule.neu-ulm.de\/wordpress\/?page_id=41#breadcrumb","itemListElement":[{"@type":"ListItem","position":1,"name":"Startseite","item":"https:\/\/gswest.schule.neu-ulm.de\/wordpress\/"},{"@type":"ListItem","position":2,"name":"Sozialarbeit an der Schule"}]},{"@type":"WebSite","@id":"https:\/\/gswest.schule.neu-ulm.de\/wordpress\/#website","url":"https:\/\/gswest.schule.neu-ulm.de\/wordpress\/","name":"Grundschule Neu-Ulm Weststadt","description":"","potentialAction":[{"@type":"SearchAction","target":{"@type":"EntryPoint","urlTemplate":"https:\/\/gswest.schule.neu-ulm.de\/wordpress\/?s={search_term_string}"},"query-input":{"@type":"PropertyValueSpecification","valueRequired":true,"valueName":"search_term_string"}}],"inLanguage":"de"}]}},"_links":{"self":[{"href":"https:\/\/gswest.schule.neu-ulm.de\/wordpress\/index.php?rest_route=\/wp\/v2\/pages\/41","targetHints":{"allow":["GET"]}}],"collection":[{"href":"https:\/\/gswest.schule.neu-ulm.de\/wordpress\/index.php?rest_route=\/wp\/v2\/pages"}],"about":[{"href":"https:\/\/gswest.schule.neu-ulm.de\/wordpress\/index.php?rest_route=\/wp\/v2\/types\/page"}],"author":[{"embeddable":true,"href":"https:\/\/gswest.schule.neu-ulm.de\/wordpress\/index.php?rest_route=\/wp\/v2\/users\/1"}],"replies":[{"embeddable":true,"href":"https:\/\/gswest.schule.neu-ulm.de\/wordpress\/index.php?rest_route=%2Fwp%2Fv2%2Fcomments&post=41"}],"version-history":[{"count":7,"href":"https:\/\/gswest.schule.neu-ulm.de\/wordpress\/index.php?rest_route=\/wp\/v2\/pages\/41\/revisions"}],"predecessor-version":[{"id":584,"href":"https:\/\/gswest.schule.neu-ulm.de\/wordpress\/index.php?rest_route=\/wp\/v2\/pages\/41\/revisions\/584"}],"wp:attachment":[{"href":"https:\/\/gswest.schule.neu-ulm.de\/wordpress\/index.php?rest_route=%2Fwp%2Fv2%2Fmedia&parent=41"}],"curies":[{"name":"wp","href":"https:\/\/api.w.org\/{rel}","templated":true}]}}