{"id":40,"date":"2023-09-25T23:02:08","date_gmt":"2023-09-25T23:02:08","guid":{"rendered":"https:\/\/www.affectionate-easley.212-75-51-32.plesk.page\/wordpress\/?page_id=40"},"modified":"2026-02-12T12:04:39","modified_gmt":"2026-02-12T12:04:39","slug":"lehrkraefte","status":"publish","type":"page","link":"https:\/\/gswest.schule.neu-ulm.de\/wordpress\/?page_id=40","title":{"rendered":"Lehrkr\u00e4fte"},"content":{"rendered":"\n<figure class=\"wp-block-image size-large\"><img loading=\"lazy\" decoding=\"async\" width=\"1024\" height=\"685\" src=\"https:\/\/gswest.schule.neu-ulm.de\/wordpress\/wp-content\/uploads\/2024\/11\/1732610780556-1024x685.jpg\" alt=\"\" class=\"wp-image-467\" srcset=\"https:\/\/gswest.schule.neu-ulm.de\/wordpress\/wp-content\/uploads\/2024\/11\/1732610780556-1024x685.jpg 1024w, https:\/\/gswest.schule.neu-ulm.de\/wordpress\/wp-content\/uploads\/2024\/11\/1732610780556-300x201.jpg 300w, https:\/\/gswest.schule.neu-ulm.de\/wordpress\/wp-content\/uploads\/2024\/11\/1732610780556-768x514.jpg 768w, https:\/\/gswest.schule.neu-ulm.de\/wordpress\/wp-content\/uploads\/2024\/11\/1732610780556.jpg 1377w\" sizes=\"auto, (max-width: 1024px) 100vw, 1024px\" \/><\/figure>\n\n\n\n<h2 class=\"wp-block-heading\">Klassenlehrkr\u00e4fte<\/h2>\n\n\n\n<figure class=\"wp-block-table\"><table><tbody><tr><td><strong>Lehrkr\u00e4fte Klassen<\/strong> <strong>1 &amp; 2<\/strong><\/td><td><strong>Lehrkr\u00e4fte Klassen<\/strong> <strong>3 &amp; 4<\/strong><\/td><\/tr><tr><td><strong>Baco<\/strong>, Elke<\/td><td><strong>Aguilera<\/strong>, Nicole<\/td><\/tr><tr><td><strong>Freier<\/strong>, Andrea<\/td><td><strong>B\u00fchler<\/strong>, Simone<\/td><\/tr><tr><td><strong>Fredl<\/strong>, Stephanie<\/td><td><strong>Dodgu<\/strong>, Melisa<\/td><\/tr><tr><td><strong>Fuger<\/strong>, Susanne<\/td><td><strong>Hay<\/strong>, Marco<\/td><\/tr><tr><td><strong>Meier<\/strong>, Tobias<\/td><td><strong>Martin<\/strong>, Daniela<\/td><\/tr><tr><td><strong>Moriell<\/strong>, Melanie<\/td><td><strong>Pirkl<\/strong>, Gabriele<\/td><\/tr><\/tbody><\/table><\/figure>\n\n\n\n<p><strong>Die Sprechstunden der jeweiligen Lehrkr\u00e4fte erfragen Sie bitte direkt bei diesen.<\/strong><\/p>\n\n\n\n<p><strong>Bitte denken Sie daran, Ihr Kommen zu einer Sprechstunde bei der jeweiligen Lehrkraft vorher rechtzeitig&nbsp;anzuk\u00fcndigen.<\/strong><\/p>\n\n\n\n<p>So kommt es nicht zu \u00dcberschneidungen bei Elterngespr\u00e4chen.<\/p>\n\n\n\n<h2 class=\"wp-block-heading\">Weitere Lehrkr\u00e4fte<\/h2>\n\n\n\n<figure class=\"wp-block-table\"><table><tbody><tr><td><strong>Kraft<\/strong>, Margit (WG, Handarbeit)<\/td><\/tr><tr><td><strong>Kroboth<\/strong>, Claudia (WG, Handarbeit)<\/td><\/tr><tr><td><strong>Majewski<\/strong>, Clara (mobil)<\/td><\/tr><tr><td><strong>\u00d6zen<\/strong>, Ersin (ISU)<\/td><\/tr><tr><td><strong>Preising<\/strong>, Sarah (LAA)<\/td><\/tr><tr><td><strong>Reinhardt<\/strong>, Frances (F\u00f6rderunterricht)<\/td><\/tr><tr><td><strong>Stampa<\/strong>, Annemarie (ev. Religion)<\/td><\/tr><tr><td><strong>V\u00e4th<\/strong>, Andrea (Seminar)<\/td><\/tr><tr><td><strong>Wohlfrom<\/strong>, Manuela (Team 3a\/Vorkurs)<\/td><\/tr><tr><td><strong>Worf<\/strong>, Jelena (Team 4b\/Vorkurs)<\/td><\/tr><\/tbody><\/table><\/figure>\n","protected":false},"excerpt":{"rendered":"<p>Klassenlehrkr\u00e4fte Lehrkr\u00e4fte Klassen 1 &amp; 2 Lehrkr\u00e4fte Klassen 3 &amp; 4 Baco, Elke Aguilera, Nicole Freier, Andrea B\u00fchler, Simone Fredl, Stephanie Dodgu, Melisa Fuger, Susanne Hay, Marco Meier, Tobias Martin, Daniela Moriell, Melanie Pirkl, Gabriele Die Sprechstunden der jeweiligen Lehrkr\u00e4fte erfragen Sie bitte direkt bei diesen. Bitte denken Sie daran, Ihr Kommen zu einer Sprechstunde&hellip; <a class=\"more-link\" href=\"https:\/\/gswest.schule.neu-ulm.de\/wordpress\/?page_id=40\"><span class=\"screen-reader-text\">Lehrkr\u00e4fte<\/span> weiterlesen<\/a><\/p>\n","protected":false},"author":1,"featured_media":0,"parent":0,"menu_order":0,"comment_status":"closed","ping_status":"closed","template":"","meta":{"footnotes":""},"class_list":["post-40","page","type-page","status-publish","hentry","entry"],"yoast_head":"<!-- This site is optimized with the Yoast SEO plugin v27.5 - https:\/\/yoast.com\/product\/yoast-seo-wordpress\/ -->\n<title>Lehrkr\u00e4fte - Grundschule Neu-Ulm Weststadt<\/title>\n<meta name=\"robots\" content=\"index, follow, max-snippet:-1, max-image-preview:large, max-video-preview:-1\" \/>\n<link rel=\"canonical\" href=\"https:\/\/gswest.schule.neu-ulm.de\/wordpress\/?page_id=40\" \/>\n<meta property=\"og:locale\" content=\"de_DE\" \/>\n<meta property=\"og:type\" content=\"article\" \/>\n<meta property=\"og:title\" content=\"Lehrkr\u00e4fte - Grundschule Neu-Ulm Weststadt\" \/>\n<meta property=\"og:description\" content=\"Klassenlehrkr\u00e4fte Lehrkr\u00e4fte Klassen 1 &amp; 2 Lehrkr\u00e4fte Klassen 3 &amp; 4 Baco, Elke Aguilera, Nicole Freier, Andrea B\u00fchler, Simone Fredl, Stephanie Dodgu, Melisa Fuger, Susanne Hay, Marco Meier, Tobias Martin, Daniela Moriell, Melanie Pirkl, Gabriele Die Sprechstunden der jeweiligen Lehrkr\u00e4fte erfragen Sie bitte direkt bei diesen. Bitte denken Sie daran, Ihr Kommen zu einer Sprechstunde&hellip; Lehrkr\u00e4fte weiterlesen\" \/>\n<meta property=\"og:url\" content=\"https:\/\/gswest.schule.neu-ulm.de\/wordpress\/?page_id=40\" \/>\n<meta property=\"og:site_name\" content=\"Grundschule Neu-Ulm Weststadt\" \/>\n<meta property=\"article:modified_time\" content=\"2026-02-12T12:04:39+00:00\" \/>\n<meta property=\"og:image\" content=\"https:\/\/gswest.schule.neu-ulm.de\/wordpress\/wp-content\/uploads\/2024\/11\/1732610780556.jpg\" \/>\n\t<meta property=\"og:image:width\" content=\"1377\" \/>\n\t<meta property=\"og:image:height\" content=\"921\" \/>\n\t<meta property=\"og:image:type\" content=\"image\/jpeg\" \/>\n<meta name=\"twitter:card\" content=\"summary_large_image\" \/>\n<meta name=\"twitter:label1\" content=\"Gesch\u00e4tzte Lesezeit\" \/>\n\t<meta name=\"twitter:data1\" content=\"1\u00a0Minute\" \/>\n<script type=\"application\/ld+json\" class=\"yoast-schema-graph\">{\"@context\":\"https:\\\/\\\/schema.org\",\"@graph\":[{\"@type\":\"WebPage\",\"@id\":\"https:\\\/\\\/gswest.schule.neu-ulm.de\\\/wordpress\\\/?page_id=40\",\"url\":\"https:\\\/\\\/gswest.schule.neu-ulm.de\\\/wordpress\\\/?page_id=40\",\"name\":\"Lehrkr\u00e4fte - Grundschule Neu-Ulm Weststadt\",\"isPartOf\":{\"@id\":\"https:\\\/\\\/gswest.schule.neu-ulm.de\\\/wordpress\\\/#website\"},\"primaryImageOfPage\":{\"@id\":\"https:\\\/\\\/gswest.schule.neu-ulm.de\\\/wordpress\\\/?page_id=40#primaryimage\"},\"image\":{\"@id\":\"https:\\\/\\\/gswest.schule.neu-ulm.de\\\/wordpress\\\/?page_id=40#primaryimage\"},\"thumbnailUrl\":\"https:\\\/\\\/gswest.schule.neu-ulm.de\\\/wordpress\\\/wp-content\\\/uploads\\\/2024\\\/11\\\/1732610780556-1024x685.jpg\",\"datePublished\":\"2023-09-25T23:02:08+00:00\",\"dateModified\":\"2026-02-12T12:04:39+00:00\",\"breadcrumb\":{\"@id\":\"https:\\\/\\\/gswest.schule.neu-ulm.de\\\/wordpress\\\/?page_id=40#breadcrumb\"},\"inLanguage\":\"de\",\"potentialAction\":[{\"@type\":\"ReadAction\",\"target\":[\"https:\\\/\\\/gswest.schule.neu-ulm.de\\\/wordpress\\\/?page_id=40\"]}]},{\"@type\":\"ImageObject\",\"inLanguage\":\"de\",\"@id\":\"https:\\\/\\\/gswest.schule.neu-ulm.de\\\/wordpress\\\/?page_id=40#primaryimage\",\"url\":\"https:\\\/\\\/gswest.schule.neu-ulm.de\\\/wordpress\\\/wp-content\\\/uploads\\\/2024\\\/11\\\/1732610780556.jpg\",\"contentUrl\":\"https:\\\/\\\/gswest.schule.neu-ulm.de\\\/wordpress\\\/wp-content\\\/uploads\\\/2024\\\/11\\\/1732610780556.jpg\",\"width\":1377,\"height\":921},{\"@type\":\"BreadcrumbList\",\"@id\":\"https:\\\/\\\/gswest.schule.neu-ulm.de\\\/wordpress\\\/?page_id=40#breadcrumb\",\"itemListElement\":[{\"@type\":\"ListItem\",\"position\":1,\"name\":\"Startseite\",\"item\":\"https:\\\/\\\/gswest.schule.neu-ulm.de\\\/wordpress\\\/\"},{\"@type\":\"ListItem\",\"position\":2,\"name\":\"Lehrkr\u00e4fte\"}]},{\"@type\":\"WebSite\",\"@id\":\"https:\\\/\\\/gswest.schule.neu-ulm.de\\\/wordpress\\\/#website\",\"url\":\"https:\\\/\\\/gswest.schule.neu-ulm.de\\\/wordpress\\\/\",\"name\":\"Grundschule Neu-Ulm Weststadt\",\"description\":\"\",\"potentialAction\":[{\"@type\":\"SearchAction\",\"target\":{\"@type\":\"EntryPoint\",\"urlTemplate\":\"https:\\\/\\\/gswest.schule.neu-ulm.de\\\/wordpress\\\/?s={search_term_string}\"},\"query-input\":{\"@type\":\"PropertyValueSpecification\",\"valueRequired\":true,\"valueName\":\"search_term_string\"}}],\"inLanguage\":\"de\"}]}<\/script>\n<!-- \/ Yoast SEO plugin. -->","yoast_head_json":{"title":"Lehrkr\u00e4fte - Grundschule Neu-Ulm Weststadt","robots":{"index":"index","follow":"follow","max-snippet":"max-snippet:-1","max-image-preview":"max-image-preview:large","max-video-preview":"max-video-preview:-1"},"canonical":"https:\/\/gswest.schule.neu-ulm.de\/wordpress\/?page_id=40","og_locale":"de_DE","og_type":"article","og_title":"Lehrkr\u00e4fte - Grundschule Neu-Ulm Weststadt","og_description":"Klassenlehrkr\u00e4fte Lehrkr\u00e4fte Klassen 1 &amp; 2 Lehrkr\u00e4fte Klassen 3 &amp; 4 Baco, Elke Aguilera, Nicole Freier, Andrea B\u00fchler, Simone Fredl, Stephanie Dodgu, Melisa Fuger, Susanne Hay, Marco Meier, Tobias Martin, Daniela Moriell, Melanie Pirkl, Gabriele Die Sprechstunden der jeweiligen Lehrkr\u00e4fte erfragen Sie bitte direkt bei diesen. Bitte denken Sie daran, Ihr Kommen zu einer Sprechstunde&hellip; Lehrkr\u00e4fte weiterlesen","og_url":"https:\/\/gswest.schule.neu-ulm.de\/wordpress\/?page_id=40","og_site_name":"Grundschule Neu-Ulm Weststadt","article_modified_time":"2026-02-12T12:04:39+00:00","og_image":[{"width":1377,"height":921,"url":"https:\/\/gswest.schule.neu-ulm.de\/wordpress\/wp-content\/uploads\/2024\/11\/1732610780556.jpg","type":"image\/jpeg"}],"twitter_card":"summary_large_image","twitter_misc":{"Gesch\u00e4tzte Lesezeit":"1\u00a0Minute"},"schema":{"@context":"https:\/\/schema.org","@graph":[{"@type":"WebPage","@id":"https:\/\/gswest.schule.neu-ulm.de\/wordpress\/?page_id=40","url":"https:\/\/gswest.schule.neu-ulm.de\/wordpress\/?page_id=40","name":"Lehrkr\u00e4fte - Grundschule Neu-Ulm Weststadt","isPartOf":{"@id":"https:\/\/gswest.schule.neu-ulm.de\/wordpress\/#website"},"primaryImageOfPage":{"@id":"https:\/\/gswest.schule.neu-ulm.de\/wordpress\/?page_id=40#primaryimage"},"image":{"@id":"https:\/\/gswest.schule.neu-ulm.de\/wordpress\/?page_id=40#primaryimage"},"thumbnailUrl":"https:\/\/gswest.schule.neu-ulm.de\/wordpress\/wp-content\/uploads\/2024\/11\/1732610780556-1024x685.jpg","datePublished":"2023-09-25T23:02:08+00:00","dateModified":"2026-02-12T12:04:39+00:00","breadcrumb":{"@id":"https:\/\/gswest.schule.neu-ulm.de\/wordpress\/?page_id=40#breadcrumb"},"inLanguage":"de","potentialAction":[{"@type":"ReadAction","target":["https:\/\/gswest.schule.neu-ulm.de\/wordpress\/?page_id=40"]}]},{"@type":"ImageObject","inLanguage":"de","@id":"https:\/\/gswest.schule.neu-ulm.de\/wordpress\/?page_id=40#primaryimage","url":"https:\/\/gswest.schule.neu-ulm.de\/wordpress\/wp-content\/uploads\/2024\/11\/1732610780556.jpg","contentUrl":"https:\/\/gswest.schule.neu-ulm.de\/wordpress\/wp-content\/uploads\/2024\/11\/1732610780556.jpg","width":1377,"height":921},{"@type":"BreadcrumbList","@id":"https:\/\/gswest.schule.neu-ulm.de\/wordpress\/?page_id=40#breadcrumb","itemListElement":[{"@type":"ListItem","position":1,"name":"Startseite","item":"https:\/\/gswest.schule.neu-ulm.de\/wordpress\/"},{"@type":"ListItem","position":2,"name":"Lehrkr\u00e4fte"}]},{"@type":"WebSite","@id":"https:\/\/gswest.schule.neu-ulm.de\/wordpress\/#website","url":"https:\/\/gswest.schule.neu-ulm.de\/wordpress\/","name":"Grundschule Neu-Ulm Weststadt","description":"","potentialAction":[{"@type":"SearchAction","target":{"@type":"EntryPoint","urlTemplate":"https:\/\/gswest.schule.neu-ulm.de\/wordpress\/?s={search_term_string}"},"query-input":{"@type":"PropertyValueSpecification","valueRequired":true,"valueName":"search_term_string"}}],"inLanguage":"de"}]}},"_links":{"self":[{"href":"https:\/\/gswest.schule.neu-ulm.de\/wordpress\/index.php?rest_route=\/wp\/v2\/pages\/40","targetHints":{"allow":["GET"]}}],"collection":[{"href":"https:\/\/gswest.schule.neu-ulm.de\/wordpress\/index.php?rest_route=\/wp\/v2\/pages"}],"about":[{"href":"https:\/\/gswest.schule.neu-ulm.de\/wordpress\/index.php?rest_route=\/wp\/v2\/types\/page"}],"author":[{"embeddable":true,"href":"https:\/\/gswest.schule.neu-ulm.de\/wordpress\/index.php?rest_route=\/wp\/v2\/users\/1"}],"replies":[{"embeddable":true,"href":"https:\/\/gswest.schule.neu-ulm.de\/wordpress\/index.php?rest_route=%2Fwp%2Fv2%2Fcomments&post=40"}],"version-history":[{"count":14,"href":"https:\/\/gswest.schule.neu-ulm.de\/wordpress\/index.php?rest_route=\/wp\/v2\/pages\/40\/revisions"}],"predecessor-version":[{"id":611,"href":"https:\/\/gswest.schule.neu-ulm.de\/wordpress\/index.php?rest_route=\/wp\/v2\/pages\/40\/revisions\/611"}],"wp:attachment":[{"href":"https:\/\/gswest.schule.neu-ulm.de\/wordpress\/index.php?rest_route=%2Fwp%2Fv2%2Fmedia&parent=40"}],"curies":[{"name":"wp","href":"https:\/\/api.w.org\/{rel}","templated":true}]}}