{"id":29,"date":"2023-09-25T23:20:32","date_gmt":"2023-09-25T23:20:32","guid":{"rendered":"https:\/\/www.affectionate-easley.212-75-51-32.plesk.page\/wordpress\/?page_id=29"},"modified":"2024-11-13T12:32:58","modified_gmt":"2024-11-13T12:32:58","slug":"weststadt-abc","status":"publish","type":"page","link":"https:\/\/gswest.schule.neu-ulm.de\/wordpress\/?page_id=29","title":{"rendered":"Weststadt-ABC"},"content":{"rendered":"\n<p>Hier finden Sie ganz kurz und knapp die wichtigsten Informationen rund um unsere Schule.<\/p>\n\n\n\n<p><\/p>\n\n\n\n<p><strong>A wie<\/strong><\/p>\n\n\n\n<p> <strong>&nbsp;&nbsp; <em>Antolin<\/em><\/strong>: Antolin ist ein Online-Lesef\u00f6rderungsprogramm, welches auf spielerische Weise mittels Quizfragen das Leseinteresse der Kinder f\u00f6rdert und fordert. Den jeweiligen Zugang erhalten die Sch\u00fclerinnen und Sch\u00fcler von ihren Klassenlehrkr\u00e4ften. Zum Onlineportal von Antolin geht es <a href=\"http:\/\/www.antolin.de\/\"><strong>HIER<\/strong><\/a><strong>&nbsp;&nbsp;<\/strong><\/p>\n\n\n\n<p><strong>&nbsp;&nbsp; <em>Arbeitsmaterial<\/em><\/strong>: Alle Arbeitsmaterialien (Hefte, Ordner, Stifte, usw)&nbsp;sind von den Eltern und Sch\u00fclern selbst zu besorgen. Jeweils zum Ende oder Anfang eines Schuljahres erhalten Sie eine Liste der ben\u00f6tigten Materialien. Diese sind nach &#8222;Verbrauch&#8220; auch selbstst\u00e4ndig neu anzuschaffen. Schulb\u00fccher werden von der Schule leihweise f\u00fcr ein Jahr ausgegeben, Arbeitshefte werden \u00fcber die Schule gesammelt bestellt.&nbsp;<\/p>\n\n\n\n<p><strong>&nbsp;&nbsp; <em>Ausfl\u00fcge<\/em><\/strong>: Diese finden klassenweise im Rahmen des HSU-Unterrichts statt. Zudem gehen wir gesammelt als Schule einmal in den vier Grundschuljahren in den Augsburger Zoo.<\/p>\n\n\n\n<p><\/p>\n\n\n\n<p><strong>B wie<\/strong><\/p>\n\n\n\n<p><strong><em>B\u00fccherei<\/em><\/strong>: Wir haben f\u00fcr unsere Sch\u00fclerinnen und Sch\u00fcler eine kleine aber feine Sch\u00fclerb\u00fccherei direkt im Haus, welche t\u00e4glich \u00fcber die 1. Pause hinweg ge\u00f6ffnet ist.<\/p>\n\n\n\n<p><strong>&nbsp;&nbsp; <em>Bundesjugendspiele<\/em><\/strong>: Die Bundesjugendspiele sind eine j\u00e4hrliche Sportveranstaltung, die an allen Schulen stattfinden. Hier d\u00fcrfen die Kinder ihr K\u00f6nnen vor allem im Bereich Leichtathletik (Weitsprung, Weitwurf, Sprint) zeigen; zudem bauen wir meist noch einen kleinen Geschlicklichkeitsparcour auf. Die BuJus finden bei uns meist in den letzten zwei Juliwochen statt.<\/p>\n\n\n\n<p><\/p>\n\n\n\n<p><strong>D wie<\/strong><\/p>\n\n\n\n<p>   <strong><em>Daten<\/em><\/strong>: Alle Daten, die wir von Ihnen als Eltern oder von Ihrem Kind erhalten, werden sehr vertraulich behandelt und sind jeweils nur f\u00fcr die unterrichtenden Lehrkr\u00e4fte auf Anfrage zug\u00e4nglich.<\/p>\n\n\n\n<p><strong>&nbsp;&nbsp; <\/strong><em><strong>DaZ<\/strong> <strong>(Deutsch als Zweitsprache)<\/strong><\/em>: Werden Kinder zum gro\u00dfen Teil nach den Grundlagen des Lehrplan(PLUS) DaZ (und teilweise auf dem Lehrplan(PLUS) Deutsch) unterrichtet, so wird eine Gesamtnote in DaZ erteilt.<\/p>\n\n\n\n<p>   <strong><em>Demokratie(erziehung):<\/em><\/strong>  Bereits Grundschulkinder sollen erfahren, wie wichtig Demokratie ist und wie wertvoll sie selbst dabei sind. Um diese Werte und das Verst\u00e4ndnis daf\u00fcr aufzubauen, ist die Demokratieerziehung ein wichtiger Bestandteil unseres Schulprofils. Mehr dazu finden Sie <strong><a href=\"https:\/\/gswest.schule.neu-ulm.de\/wordpress\/?page_id=38\">HIER<\/a><\/strong><\/p>\n\n\n\n<p><strong>&nbsp;  <em>Deutschklasse\/\u00dcbergangsklasse<\/em>: <\/strong>Die \u00dcbergangsklasse wird f\u00fcr bereits schulpflichtige Kinder ohne oder mit nur sehr geringen Deutschkenntnissen angeboten und richtet sich vor allem an die Sch\u00fclerInnen, die erst vor kurzem aus einem <strong>nicht-deutschsprachigem Land zugezogen<\/strong> sind. Die Kinder verbleiben maximal bis zum Ablauf des zweiten voll besuchten Schuljahr in der \u00dcbergangsklasse; eine vorherige R\u00fcckf\u00fchrung in die Regelklasse ist je nach individuellem Lernfortschritt m\u00f6glich.<\/p>\n\n\n\n<p>&nbsp;&nbsp; <strong><em>Durst<\/em><\/strong>: Ihr Kind sollte immer etwas zu Trinken dabei haben, im besten Fall Wasser oder Schorle und m\u00f6glichst nichts Ges\u00fc\u00dftes. Verwenden Sie bitte keine Glasflaschen und achten Sie auf einen dichten Verschluss. In den Sommermonaten die Menge des Trinkens bitte anpassen. Ihr Kind bekommt bei uns genug Gelegenheiten zum Trinken.<\/p>\n\n\n\n<p><\/p>\n\n\n\n<p><strong><em>E wie<\/em><\/strong><\/p>\n\n\n\n<p>   <strong>Elternabend\/Elternsprechtag<\/strong>: Bitte besuchen Sie die Elternabende und Elternsprechtage, um Informationen \u00fcber Inhalte und Formen des Unterrichts und anstehende Besonderheiten aus erster Hand zu erfahren und gegebenenfalls direkt Fragen stellen zu k\u00f6nnen.<\/p>\n\n\n\n<p><strong>&nbsp;&nbsp; Elternarbeit<\/strong>: siehe <a href=\"https:\/\/gswest.schule.neu-ulm.de\/wordpress\/?page_id=42\"><strong>Elternbeirat<\/strong><\/a><\/p>\n\n\n\n<p><strong>&nbsp;&nbsp; Entschuldigungen<\/strong>: Wir bitten Sie darum, Ihr Kind am entsprechenden Krankheits-\/Fehltag bis 7.30 Uhr \u00fcber den Schulmanager (APP) zu entschuldigen. <\/p>\n\n\n\n<p><\/p>\n\n\n\n<p><strong><em>F wie<\/em><\/strong><\/p>\n\n\n\n<p>    <strong>Fahrrad<\/strong>: Gerne darf Ihr Kind auch mit dem Fahrrad oder Scooter\/Roller zur Schule kommen (wir begr\u00fc\u00dfen dies sogar). Jedoch sollte sichergestellt sein, dass Ihr Kind die Verkehrsregeln kennt, beherrscht und anwenden kann. Bitte achten Sie auch darauf, dass Ihr Kind bei <strong>JEDER <\/strong>Fahrt einen Helm tr\u00e4gt! Die Fahrr\u00e4der und Scooter\/Roller k\u00f6nnen auf dem Schulgel\u00e4nde abgesperrt werden.<\/p>\n\n\n\n<p><strong>&nbsp;&nbsp; Ferien<\/strong>: Die bayerischen Ferien sind mind. 4 Jahre im Voraus bekannt und auch bei uns jeweils f\u00fcr das laufende Schuljahr unter dem Men\u00fcpunkt &#8222;Termine&#8220; zu finden. Wir bitten eindringlichst darum, Ihre Urlaubsplanung danach zu richten. Ferienverl\u00e4ngerungen sind nicht gestattet.<\/p>\n\n\n\n<p><strong>&nbsp;&nbsp; Feueralarm<\/strong>: Die \u00dcbungen zum Feueralarm finden zweimal im Schuljahr statt. Die erste \u00dcbung ist angesagt, die zweite nicht. Durch diese \u00dcbungen sollen die Kinder den richtigen Umgang mit dieser besonderen Situation erfahren, um im Bedarfsfall nicht in Angst und Panik zu verfallen.<\/p>\n\n\n\n<p><strong>&nbsp;&nbsp; F\u00f6rderung<\/strong>: Der F\u00f6rderunterricht dient dazu, allen Kindern m\u00f6glichst individuell gerecht zu werden,&nbsp;Talente und Interessen zu wecken, L\u00fccken in verschiedenen Lernbereichen zu schlie\u00dfen, sowie Lerninhalte aufzugreifen und weiterzuentwickeln. So werden die Kinder parallel zum Klassenunterricht in Kleingruppen von unserer F\u00f6rderlehrerin unterrichtet, wobei der F\u00f6rderunterricht auch ein &#8222;Forderunterricht&#8220; sein kann. Die Inhalte dieses individuellen Unterrichts werden immer mit der Klassenleitung abgesprochen, so dass die Sch\u00fclerInnen keinerlei Nachteile durch die F\u00f6rderung\/Forderung erfahren.<\/p>\n\n\n\n<p><strong>&nbsp;&nbsp; Fr\u00fchst\u00fcck: <\/strong>Bitte schicken Sie Ihr Kind nicht ohne Fr\u00fchst\u00fcck und ohne Pausenbrot in die Schule. Es braucht die Energie, um aufnahmebereit und konzentriert zu sein und mit knurrendem Magen denkt und lernt es sich schwer. Bitte denken Sie dabei auch an eine gesunde und ausgewogene Ern\u00e4hrung (Chips, S\u00fc\u00dfigkeiten, Fastfood usw sind keine gesunde und andauernde Mahlzeit)<\/p>\n\n\n\n<p><\/p>\n\n\n\n<p><strong><em>G wie<\/em><\/strong><\/p>\n\n\n\n<p>    <strong>Gefahren auf dem Schulweg<\/strong>: Bitte seien Sie sich sicher, dass Ihr Kind m\u00f6gliche Gefahrenstellen seines Schulweges kennt (Stra\u00dfenkreuzungen und -\u00dcberquerungen, Zebrastreifen&#8230;). \u00dcben Sie diese Situationen von Anfang an und sprechen Sie mit Ihrem Kind \u00fcber diese m\u00f6glichen Gefahrenpunkte.<\/p>\n\n\n\n<p><strong>&nbsp;&nbsp; Gesunde<\/strong> <strong>Pause<\/strong>: Wir haben die M\u00f6glichkeit, den Kindern eine &#8222;Gesunde Pause&#8220; anzubieten, in denen die Sch\u00fclerInnen auf Obst, Gem\u00fcse und K\u00e4se zugreifen k\u00f6nnen. <\/p>\n\n\n\n<p><\/p>\n\n\n\n<p><strong><em>H wie<\/em><\/strong><\/p>\n\n\n\n<p>    <strong>Homepage:<\/strong> Auf dieser Homepage finden Sie aktuelle Termine und die wichtigsten Informationen \u00fcber die Schule Ihres Kindes. Ein regelm\u00e4\u00dfiger Blick lohnt: <a href=\"http:\/\/www.gswest.schule.neu-ulm.de\">www.gswest.schule.neu-ulm.de<\/a><\/p>\n\n\n\n<p><\/p>\n\n\n\n<p><strong><em>K wie<\/em><\/strong><\/p>\n\n\n\n<p>   <strong>Klasse 2000<\/strong>: In diesem deutschlandweit gr\u00f6\u00dften Programm lernen Kinder in der Grundschule das 1&#215;1 des gesunden Lebens. Von der 1. bis zur 4. Klasse erforschen Kinder gemeinsam mit KLARO, was sie selbst tun k\u00f6nnen, um gesund zu bleiben und sich wohlzuf\u00fchlen. Mehr dazu erfahren Sie <strong><a href=\"https:\/\/www.klasse2000.de\/\">HIER<\/a><\/strong><\/p>\n\n\n\n<p><strong>&nbsp;&nbsp; Kollegium<\/strong>: An unserer Schule gibt es ein gro\u00dfes Kollegium. Alle Lehrkr\u00e4fte finden Sie unter &#8222;Unsere Schule&#8220; im Men\u00fcunterpunkt &#8222;<a href=\"https:\/\/gswest.schule.neu-ulm.de\/wordpress\/?page_id=40\"><strong>Lehrkr\u00e4fte<\/strong><\/a>&#8222;<\/p>\n\n\n\n<p><strong>&nbsp;&nbsp; Kontaktdaten<\/strong>: Diese finden Sie auf der Startseite und unter dem Men\u00fcpunkt &#8222;<a href=\"https:\/\/gswest.schule.neu-ulm.de\/wordpress\/?page_id=22\"><strong>Kontakt<\/strong><\/a>&#8222;<\/p>\n\n\n\n<p>   <strong>Krankmeldungen<\/strong>: Die Krankmeldungen Ihres Kindes sind abzugeben, sobald es wieder am Unterricht teilnimmt. Bei l\u00e4nger anhaltenden Erkrankungen bitten wir darum, uns sp\u00e4testens nach dem 3. Krankheitstag eine Meldung zukommen zu lassen.<\/p>\n\n\n\n<p><\/p>\n\n\n\n<p><strong><em>L wie<\/em><\/strong><\/p>\n\n\n\n<p>   <strong>Laufbus<\/strong>: Der Laufbus besteht seit dem Schuljahr 2022\/23 und soll mehr Kinder (aber auch Eltern) dazu motivieren, den Weg zur Schule zu Fu\u00df anzutreten. Hierzu wurden verschiedene Laufwege und einzelne Haltepunkte festgelegt. Wir m\u00f6chten so auch die Anzahl der Elterntaxis mindern und die Sicherheit vor unserer Schule erh\u00f6hen. Mehr Informationen zum Laufbus finden Sie HIER (Routen, Haltestellen, &#8222;Abfahrtszeit&#8220;) &#8211; Link folgt<\/p>\n\n\n\n<p>   <strong>Lehrplan: <\/strong>An unserer Grundschule wird (nat\u00fcrlich) nach dem Bayerischen Lehrplan(PLUS) unterrichtet und gelehrt. Falls Sie Geschwisterkinder auf einer Schule in Baden-W\u00fcrttemberg (Ulm)&nbsp;haben, lohnt zwar ab und an ein Vergleich; entscheidend sind dennoch die bayerischen Vorgaben. Diese sind auch online einzusehen.<\/p>\n\n\n\n<p>   <strong>Lernentwicklungsgespr\u00e4che<\/strong>: Bei uns finden Lernentwicklungsgespr\u00e4che statt der Zwischenzeugnisse statt. Dies betrifft die Klassenstufen 1 &#8211; 3. Dieses Gespr\u00e4ch f\u00fchrt die Lehrkraft in erster Linie mit dem Kind, Sie als Eltern(teil) sind aber selbstverst\u00e4ndlich anwesend. <\/p>\n\n\n\n<p><strong>&nbsp;&nbsp; Lesende<\/strong> <strong>Schule<\/strong>: Wir haben die Lesef\u00f6rderung als ganz besonders wichtig mit in unserem Schulprofil aufgenommen und bezeichnen uns deshalb als &#8222;Lesende Schule&#8220;. Weitere Informationen finden Sie <strong><a href=\"https:\/\/gswest.schule.neu-ulm.de\/wordpress\/?page_id=38\">HIER<\/a><\/strong> <\/p>\n\n\n\n<p><\/p>\n\n\n\n<p><strong><em>M wie<\/em><\/strong><\/p>\n\n\n\n<p>   <strong>Mensa<\/strong>: Unsere Schule besitzt eine Mensa mit einer Ausgabek\u00fcche. Die Mensa und die K\u00fcche kann auch im Unterricht genutzt werden (gemeinsames Kochen\/Backen usw.)<\/p>\n\n\n\n<p><strong>&nbsp;&nbsp; MEU<\/strong> (<strong>Muttersprachlicher<\/strong> <strong>Erg\u00e4nzungsunterricht<\/strong>): Dieser findet aktuell f\u00fcr t\u00fcrkische Muttersprachler <strong>zus\u00e4tzlich <\/strong>zum Stundenplan statt.<\/p>\n\n\n\n<p><strong>&nbsp;&nbsp; &nbsp;Mittagsbetreuung<\/strong>: Unsere Schule hat eine angeschlossene Mittagsbetreuung. Alle weiteren Informationen finden Sie <strong><a href=\"https:\/\/gswest.schule.neu-ulm.de\/wordpress\/?page_id=44\">HIER<\/a><\/strong><\/p>\n\n\n\n<p><\/p>\n\n\n\n<p><strong><em>N wie<\/em><\/strong><\/p>\n\n\n\n<p>    <strong>Notfallzettel<\/strong>: Auf diesem sind alle wichtigen Kontaktdaten von Ihnen und Ihrem Kind erfasst und sollte stets auf dem aktuellsten Stand sein, um Sie im Notfall schnell zu erreichen. Bitte teilen Sie uns deshalb unverz\u00fcglich jegliche \u00c4nderung (Telefon, Handy, Adresse, usw) mit. <strong><a href=\"https:\/\/gswest.schule.neu-ulm.de\/wordpress\/wp-content\/uploads\/2024\/02\/Notfalldaten-NEU.pdf\">HIER <\/a><\/strong>k\u00f6nnen Sie diesen herunterladen.<\/p>\n\n\n\n<p><\/p>\n\n\n\n<p><strong><em>P wie<\/em><\/strong><\/p>\n\n\n\n<p>    <strong>Parken<\/strong>: Die Parksituation an unserer Schule gestaltet sich vor allem zu den Bring- und Abholzeiten besonders schwierig. Bitte halten Sie sich an die stehenden Verkehrsschilder und denken Sie daran, m\u00f6gliche Fahrtwege frei zu halten (vor allem im vorderen Bereich der Kreuzung). Parken k\u00f6nnen Sie entlang des Glacis-Parks in den entsprechenden Buchten. Bitte lassen Sie Ihr Kind auf der Gehwegseite aussteigen und schicken es nicht blindlings \u00fcber die Stra\u00dfe.<\/p>\n\n\n\n<p>&nbsp;&nbsp; <strong>Pausen<\/strong>: Wir haben an unserer Schule insgesamt zwei Pausen verteilt \u00fcber den Vormittag. Auch w\u00e4hrend der Unterrichtszeiten finden sich immer wieder M\u00f6glichkeiten f\u00fcr kleine Verschnaufpausen.<\/p>\n\n\n\n<p><strong>&nbsp;&nbsp; Pausenhelfer<\/strong>: Nachdem es immer wieder zu Konflikten auf dem Pausenhof gekommen ist und es vielen Sch\u00fclern schwer f\u00e4llt, bestimmte Pausenregeln einzuhalten, beschlossen wir, Pausenhelfer an unserer Schule \u201eauszubilden\u201c. Diese Helfer sind Sch\u00fclerinnen und Sch\u00fcler der 4. Jahrgangsstufe, die den Kindern als Ansprechpartner dienen, sich um einzelne Kinder k\u00fcmmern, an die Pausenregeln erinnern und bei kleinen Unstimmigkeiten vermitteln. Der Einsatz der Pausenhelfer l\u00e4sst die aufsichtsf\u00fchrenden Lehrkr\u00e4fte nicht \u00fcberfl\u00fcssig werden. Der Schwerpunkt liegt in der F\u00f6rderung des sozialen Lernens und der Mitgestaltung des Schulalltags durch die Sch\u00fcler selbst.<\/p>\n\n\n\n<p><strong>&nbsp;&nbsp; Pausenordnung<\/strong>: Unsere &#8211; f\u00fcr die Schulmitglieder geltende &#8211; Pausenordnung finden Sie <a href=\"https:\/\/gswest.schule.neu-ulm.de\/wordpress\/wp-content\/uploads\/2024\/02\/Plakat-Pausenordnung.pdf\"><strong>HIER<\/strong> <\/a><\/p>\n\n\n\n<p><\/p>\n\n\n\n<p><strong><em>Qu wie<\/em><\/strong><\/p>\n\n\n\n<p>    <strong>Qual:<\/strong> Die Schule sollte f\u00fcr Ihr Kind NIE eine Qual oder belastend sein. Bitte sprechen Sie die Klassenlehrkraft fr\u00fchzeitig bei Problemen und Schwierigkeiten an. Wir m\u00f6chten, dass die Kinder gerne zur Schule kommen.<\/p>\n\n\n\n<p><\/p>\n\n\n\n<p><strong><em>R wie<\/em><\/strong><\/p>\n\n\n\n<p>    <strong>R\u00e4ume: <\/strong>Ihr Kind lernt von Anfang an in Schulhaustouren die komplette Schule mit ihren R\u00e4umlichkeiten kennen. Bis auf wenige Ausnahmen (Religion, Ethik, Werken und Gestalten, Sport und F\u00f6rderungen) findet der Unterricht haupts\u00e4chlich im eigenen Klassenzimmer statt.<\/p>\n\n\n\n<p><strong>&nbsp;&nbsp; Regenpausen: <\/strong>Wir versuchen, die Kinder bei jedem Wetter in der Pause nach drau\u00dfen zu schicken, damit Sie sich frei austoben und bewegen k\u00f6nnen. Bei zu starkem Regen findet die Pause in Ausnahmef\u00e4llen auch im jeweiligen Klassenzimmer und Gangabschnitt statt.<\/p>\n\n\n\n<p><\/p>\n\n\n\n<p><strong><em>S wie<\/em><\/strong><\/p>\n\n\n\n<p>   <strong>Schuleinschreibung<\/strong>: Der Zeitraum f\u00fcr die Schuleinschreibung ist meistens Ende Februar bis Mitte M\u00e4rz. Zudem findet auch eine Schnupperstunde f\u00fcr alle zuk\u00fcnftigen Erstkl\u00e4ssler statt; w\u00e4hrenddessen ist ebenfalls eine Abgabe der Unterlagen m\u00f6glich. Alle weiteren Informationen und die ben\u00f6tigten Unterlagen finden Sie <strong><a href=\"https:\/\/gswest.schule.neu-ulm.de\/wordpress\/?page_id=117\">HIER<\/a><\/strong><\/p>\n\n\n\n<p><strong>&nbsp;&nbsp; Schulordnung<\/strong>: Unsere Schulordnung finden Sie <strong><a href=\"https:\/\/gswest.schule.neu-ulm.de\/wordpress\/wp-content\/uploads\/2024\/02\/Plakat-Schulordnung.pdf\">HIER<\/a><\/strong><\/p>\n\n\n\n<p><strong>&nbsp;&nbsp; Schulsozialarbeit<\/strong>: Wir haben seit einigen Jahren eine Schulsozialarbeit im Haus, welche Ansprechpartner f\u00fcr die Kinder, Eltern und Lehrkr\u00e4fte ist. Genaueres finden Sie <a href=\"http:\/\/www.gswest.schule.neu-ulm.de\/schulsozialarbeit.html\"><strong>HIER<\/strong><\/a><\/p>\n\n\n\n<p><strong>&nbsp;&nbsp; Sekretariat<\/strong>: Unser Sekretariat ist <strong>Montag bis Donnerstag jeweils von 7.00 Uhr &#8211; 12.30 Uhr besetzt<\/strong> und f\u00fcr Sie erreichbar. F\u00fcr l\u00e4nger dauernde Anfragen ist es hilfreich, vorher kurz einen Termin auszumachen. Da wir eine geschlossene Schule sind, klingeln Sie bitte unten an der Hauptt\u00fcr, Ihnen wird dann schnellstm\u00f6glich ge\u00f6ffnet.<\/p>\n\n\n\n<p>   <strong>Stundenplan:<\/strong> Jedes Kind erh\u00e4lt zu Beginn des Schuljahres einen g\u00fcltigen Stundenplan. Dieser gilt zumeist f\u00fcr das ganze Schuljahr. Ab und an lohnt sich ein Blick darauf, um sicherzustellen, dass Ihr Kind alle ben\u00f6tigten Materialien f\u00fcr den kommenden Schultag dabeihat.<\/p>\n\n\n\n<p><\/p>\n\n\n\n<p><strong><em>T wie<\/em><\/strong><\/p>\n\n\n\n<p>    <strong>Turnhalle:<\/strong> Ihr Kind hat bei uns auch Sportunterricht, welche zumeist in der angrenzenden Turnhalle stattfindet. Da diese Halle auch von st\u00e4dtischen Vereinen genutzt wird, gilt eine selbstverst\u00e4ndliche R\u00fccksichtnahme.<\/p>\n\n\n\n<p><\/p>\n\n\n\n<p><strong><em>U wie<\/em><\/strong><\/p>\n\n\n\n<p>   <strong>\u00dcbertritt<\/strong>: Nach dem Ende der 4. Klasse wechseln die Kinder an die weiterf\u00fchrenden Schulen. Bereits w\u00e4hrend des Schuljahres finden dazu einige Infoveranstaltungen statt. Auch ein Elternabend nur zu diesem Thema findet dann an unserer Schule statt. Sie als Eltern werden dar\u00fcber fr\u00fchzeitig in Kenntnis gesetzt. Zudem finden Sie <strong><a href=\"https:\/\/www.km.bayern.de\/eltern\/schularten\/uebertritt-schulartwechsel.html\">HIER <\/a><\/strong>weitere Informationen.<\/p>\n\n\n\n<p><\/p>\n\n\n\n<p><strong><em>V wie<\/em><\/strong><\/p>\n\n\n\n<p><strong>&nbsp;&nbsp; Vorkurs<\/strong>: Der Vorkurs f\u00fcr Kinder mit Migrationshintergrund richtet sich an Kinder in den letzten 1,5 Jahren vor der Einschulung. Insgesamt umfasst der Vorkurs in dieser Zeit 240 Stunden, der schulische Anteil von 120 Lehrerwochenstunden findet nur im letzten Jahr statt. Es ist m\u00f6glich, dass Kinder mit Migrationshintergrund, welche keine Kindertageseinrichtung besuchen, ausschlie\u00dflich am schulischen Anteil des Vorkurses teilnehmen. <strong>&nbsp;&nbsp; <\/strong><\/p>\n\n\n\n<p><\/p>\n\n\n\n<p><strong><em>Z wie<\/em><\/strong><\/p>\n\n\n\n<p>   <strong>Zeugnis<\/strong>: Zum Ende des Schuljahres erh\u00e4lt jedes Kind sein Jahreszeugnis (letzter Schultag). Statt eines Zwischenzeugnisses erhalten die Klassen 1 &#8211; 3 ihr Lernentwicklungsgespr\u00e4ch, die Kinder der 4. Klasse erhalten ein \u00dcbertrittszeugnis. <\/p>\n","protected":false},"excerpt":{"rendered":"<p>Hier finden Sie ganz kurz und knapp die wichtigsten Informationen rund um unsere Schule. A wie &nbsp;&nbsp; Antolin: Antolin ist ein Online-Lesef\u00f6rderungsprogramm, welches auf spielerische Weise mittels Quizfragen das Leseinteresse der Kinder f\u00f6rdert und fordert. Den jeweiligen Zugang erhalten die Sch\u00fclerinnen und Sch\u00fcler von ihren Klassenlehrkr\u00e4ften. Zum Onlineportal von Antolin geht es HIER&nbsp;&nbsp; &nbsp;&nbsp; Arbeitsmaterial:&hellip; <a class=\"more-link\" href=\"https:\/\/gswest.schule.neu-ulm.de\/wordpress\/?page_id=29\"><span class=\"screen-reader-text\">Weststadt-ABC<\/span> weiterlesen<\/a><\/p>\n","protected":false},"author":1,"featured_media":0,"parent":0,"menu_order":0,"comment_status":"closed","ping_status":"closed","template":"","meta":{"footnotes":""},"class_list":["post-29","page","type-page","status-publish","hentry","entry"],"yoast_head":"<!-- This site is optimized with the Yoast SEO plugin v27.5 - https:\/\/yoast.com\/product\/yoast-seo-wordpress\/ -->\n<title>Weststadt-ABC - Grundschule Neu-Ulm Weststadt<\/title>\n<meta name=\"robots\" content=\"index, follow, max-snippet:-1, max-image-preview:large, max-video-preview:-1\" \/>\n<link rel=\"canonical\" href=\"https:\/\/gswest.schule.neu-ulm.de\/wordpress\/?page_id=29\" \/>\n<meta property=\"og:locale\" content=\"de_DE\" \/>\n<meta property=\"og:type\" content=\"article\" \/>\n<meta property=\"og:title\" content=\"Weststadt-ABC - Grundschule Neu-Ulm Weststadt\" \/>\n<meta property=\"og:description\" content=\"Hier finden Sie ganz kurz und knapp die wichtigsten Informationen rund um unsere Schule. A wie &nbsp;&nbsp; Antolin: Antolin ist ein Online-Lesef\u00f6rderungsprogramm, welches auf spielerische Weise mittels Quizfragen das Leseinteresse der Kinder f\u00f6rdert und fordert. Den jeweiligen Zugang erhalten die Sch\u00fclerinnen und Sch\u00fcler von ihren Klassenlehrkr\u00e4ften. Zum Onlineportal von Antolin geht es HIER&nbsp;&nbsp; &nbsp;&nbsp; Arbeitsmaterial:&hellip; Weststadt-ABC weiterlesen\" \/>\n<meta property=\"og:url\" content=\"https:\/\/gswest.schule.neu-ulm.de\/wordpress\/?page_id=29\" \/>\n<meta property=\"og:site_name\" content=\"Grundschule Neu-Ulm Weststadt\" \/>\n<meta property=\"article:modified_time\" content=\"2024-11-13T12:32:58+00:00\" \/>\n<meta name=\"twitter:card\" content=\"summary_large_image\" \/>\n<meta name=\"twitter:label1\" content=\"Gesch\u00e4tzte Lesezeit\" \/>\n\t<meta name=\"twitter:data1\" content=\"11\u00a0Minuten\" \/>\n<script type=\"application\/ld+json\" class=\"yoast-schema-graph\">{\"@context\":\"https:\\\/\\\/schema.org\",\"@graph\":[{\"@type\":\"WebPage\",\"@id\":\"https:\\\/\\\/gswest.schule.neu-ulm.de\\\/wordpress\\\/?page_id=29\",\"url\":\"https:\\\/\\\/gswest.schule.neu-ulm.de\\\/wordpress\\\/?page_id=29\",\"name\":\"Weststadt-ABC - Grundschule Neu-Ulm Weststadt\",\"isPartOf\":{\"@id\":\"https:\\\/\\\/gswest.schule.neu-ulm.de\\\/wordpress\\\/#website\"},\"datePublished\":\"2023-09-25T23:20:32+00:00\",\"dateModified\":\"2024-11-13T12:32:58+00:00\",\"breadcrumb\":{\"@id\":\"https:\\\/\\\/gswest.schule.neu-ulm.de\\\/wordpress\\\/?page_id=29#breadcrumb\"},\"inLanguage\":\"de\",\"potentialAction\":[{\"@type\":\"ReadAction\",\"target\":[\"https:\\\/\\\/gswest.schule.neu-ulm.de\\\/wordpress\\\/?page_id=29\"]}]},{\"@type\":\"BreadcrumbList\",\"@id\":\"https:\\\/\\\/gswest.schule.neu-ulm.de\\\/wordpress\\\/?page_id=29#breadcrumb\",\"itemListElement\":[{\"@type\":\"ListItem\",\"position\":1,\"name\":\"Startseite\",\"item\":\"https:\\\/\\\/gswest.schule.neu-ulm.de\\\/wordpress\\\/\"},{\"@type\":\"ListItem\",\"position\":2,\"name\":\"Weststadt-ABC\"}]},{\"@type\":\"WebSite\",\"@id\":\"https:\\\/\\\/gswest.schule.neu-ulm.de\\\/wordpress\\\/#website\",\"url\":\"https:\\\/\\\/gswest.schule.neu-ulm.de\\\/wordpress\\\/\",\"name\":\"Grundschule Neu-Ulm Weststadt\",\"description\":\"\",\"potentialAction\":[{\"@type\":\"SearchAction\",\"target\":{\"@type\":\"EntryPoint\",\"urlTemplate\":\"https:\\\/\\\/gswest.schule.neu-ulm.de\\\/wordpress\\\/?s={search_term_string}\"},\"query-input\":{\"@type\":\"PropertyValueSpecification\",\"valueRequired\":true,\"valueName\":\"search_term_string\"}}],\"inLanguage\":\"de\"}]}<\/script>\n<!-- \/ Yoast SEO plugin. -->","yoast_head_json":{"title":"Weststadt-ABC - Grundschule Neu-Ulm Weststadt","robots":{"index":"index","follow":"follow","max-snippet":"max-snippet:-1","max-image-preview":"max-image-preview:large","max-video-preview":"max-video-preview:-1"},"canonical":"https:\/\/gswest.schule.neu-ulm.de\/wordpress\/?page_id=29","og_locale":"de_DE","og_type":"article","og_title":"Weststadt-ABC - Grundschule Neu-Ulm Weststadt","og_description":"Hier finden Sie ganz kurz und knapp die wichtigsten Informationen rund um unsere Schule. A wie &nbsp;&nbsp; Antolin: Antolin ist ein Online-Lesef\u00f6rderungsprogramm, welches auf spielerische Weise mittels Quizfragen das Leseinteresse der Kinder f\u00f6rdert und fordert. Den jeweiligen Zugang erhalten die Sch\u00fclerinnen und Sch\u00fcler von ihren Klassenlehrkr\u00e4ften. Zum Onlineportal von Antolin geht es HIER&nbsp;&nbsp; &nbsp;&nbsp; Arbeitsmaterial:&hellip; Weststadt-ABC weiterlesen","og_url":"https:\/\/gswest.schule.neu-ulm.de\/wordpress\/?page_id=29","og_site_name":"Grundschule Neu-Ulm Weststadt","article_modified_time":"2024-11-13T12:32:58+00:00","twitter_card":"summary_large_image","twitter_misc":{"Gesch\u00e4tzte Lesezeit":"11\u00a0Minuten"},"schema":{"@context":"https:\/\/schema.org","@graph":[{"@type":"WebPage","@id":"https:\/\/gswest.schule.neu-ulm.de\/wordpress\/?page_id=29","url":"https:\/\/gswest.schule.neu-ulm.de\/wordpress\/?page_id=29","name":"Weststadt-ABC - Grundschule Neu-Ulm Weststadt","isPartOf":{"@id":"https:\/\/gswest.schule.neu-ulm.de\/wordpress\/#website"},"datePublished":"2023-09-25T23:20:32+00:00","dateModified":"2024-11-13T12:32:58+00:00","breadcrumb":{"@id":"https:\/\/gswest.schule.neu-ulm.de\/wordpress\/?page_id=29#breadcrumb"},"inLanguage":"de","potentialAction":[{"@type":"ReadAction","target":["https:\/\/gswest.schule.neu-ulm.de\/wordpress\/?page_id=29"]}]},{"@type":"BreadcrumbList","@id":"https:\/\/gswest.schule.neu-ulm.de\/wordpress\/?page_id=29#breadcrumb","itemListElement":[{"@type":"ListItem","position":1,"name":"Startseite","item":"https:\/\/gswest.schule.neu-ulm.de\/wordpress\/"},{"@type":"ListItem","position":2,"name":"Weststadt-ABC"}]},{"@type":"WebSite","@id":"https:\/\/gswest.schule.neu-ulm.de\/wordpress\/#website","url":"https:\/\/gswest.schule.neu-ulm.de\/wordpress\/","name":"Grundschule Neu-Ulm Weststadt","description":"","potentialAction":[{"@type":"SearchAction","target":{"@type":"EntryPoint","urlTemplate":"https:\/\/gswest.schule.neu-ulm.de\/wordpress\/?s={search_term_string}"},"query-input":{"@type":"PropertyValueSpecification","valueRequired":true,"valueName":"search_term_string"}}],"inLanguage":"de"}]}},"_links":{"self":[{"href":"https:\/\/gswest.schule.neu-ulm.de\/wordpress\/index.php?rest_route=\/wp\/v2\/pages\/29","targetHints":{"allow":["GET"]}}],"collection":[{"href":"https:\/\/gswest.schule.neu-ulm.de\/wordpress\/index.php?rest_route=\/wp\/v2\/pages"}],"about":[{"href":"https:\/\/gswest.schule.neu-ulm.de\/wordpress\/index.php?rest_route=\/wp\/v2\/types\/page"}],"author":[{"embeddable":true,"href":"https:\/\/gswest.schule.neu-ulm.de\/wordpress\/index.php?rest_route=\/wp\/v2\/users\/1"}],"replies":[{"embeddable":true,"href":"https:\/\/gswest.schule.neu-ulm.de\/wordpress\/index.php?rest_route=%2Fwp%2Fv2%2Fcomments&post=29"}],"version-history":[{"count":15,"href":"https:\/\/gswest.schule.neu-ulm.de\/wordpress\/index.php?rest_route=\/wp\/v2\/pages\/29\/revisions"}],"predecessor-version":[{"id":408,"href":"https:\/\/gswest.schule.neu-ulm.de\/wordpress\/index.php?rest_route=\/wp\/v2\/pages\/29\/revisions\/408"}],"wp:attachment":[{"href":"https:\/\/gswest.schule.neu-ulm.de\/wordpress\/index.php?rest_route=%2Fwp%2Fv2%2Fmedia&parent=29"}],"curies":[{"name":"wp","href":"https:\/\/api.w.org\/{rel}","templated":true}]}}