{"id":260,"date":"2024-02-02T10:42:50","date_gmt":"2024-02-02T10:42:50","guid":{"rendered":"https:\/\/gswest.schule.neu-ulm.de\/wordpress\/?page_id=260"},"modified":"2024-02-03T09:16:06","modified_gmt":"2024-02-03T09:16:06","slug":"theaterbesuche","status":"publish","type":"page","link":"https:\/\/gswest.schule.neu-ulm.de\/wordpress\/?page_id=260","title":{"rendered":"Theaterbesuche"},"content":{"rendered":"\n<p>Unsere Schule besucht j\u00e4hrlich zur Weihnachtszeit das Ulmer Theater, um dort gemeinsam dem aktuellen St\u00fcck beizuwohnen.<\/p>\n\n\n\n<p>Zudem haben wir regelm\u00e4\u00dfig kleine Theatergruppen bei uns an der Schule, welche verschiedene St\u00fccke auff\u00fchren.<\/p>\n\n\n\n<p>So st\u00e4rken wir zum Einen das Gemeinschaftsgef\u00fchl unserer Schulfamilie, wecken aber auch Interesse am kulturellen Leben.<\/p>\n\n\n\n<p>Unter anderem konnten unsere Sch\u00fcler*innen in den letzten Jahren so folgende Theaterst\u00fccke hautnah erleben:<\/p>\n\n\n\n<ul class=\"wp-block-list\">\n<li>Pippi Langstrumpf<\/li>\n<\/ul>\n\n\n\n<ul class=\"wp-block-list\">\n<li>Der R\u00e4uber Hotzenplotz<\/li>\n<\/ul>\n\n\n\n<ul class=\"wp-block-list\">\n<li>Das NEINhorn<\/li>\n<\/ul>\n\n\n\n<ul class=\"wp-block-list\">\n<li>Der Gr\u00fcffelo<\/li>\n\n\n\n<li>Robin Hood<\/li>\n\n\n\n<li>Die Schneek\u00f6nigin<\/li>\n\n\n\n<li>Aschenputtel<\/li>\n<\/ul>\n","protected":false},"excerpt":{"rendered":"<p>Unsere Schule besucht j\u00e4hrlich zur Weihnachtszeit das Ulmer Theater, um dort gemeinsam dem aktuellen St\u00fcck beizuwohnen. Zudem haben wir regelm\u00e4\u00dfig kleine Theatergruppen bei uns an der Schule, welche verschiedene St\u00fccke auff\u00fchren. So st\u00e4rken wir zum Einen das Gemeinschaftsgef\u00fchl unserer Schulfamilie, wecken aber auch Interesse am kulturellen Leben. Unter anderem konnten unsere Sch\u00fcler*innen in den letzten&hellip; <a class=\"more-link\" href=\"https:\/\/gswest.schule.neu-ulm.de\/wordpress\/?page_id=260\"><span class=\"screen-reader-text\">Theaterbesuche<\/span> weiterlesen<\/a><\/p>\n","protected":false},"author":1,"featured_media":0,"parent":0,"menu_order":0,"comment_status":"closed","ping_status":"closed","template":"","meta":{"footnotes":""},"class_list":["post-260","page","type-page","status-publish","hentry","entry"],"yoast_head":"<!-- This site is optimized with the Yoast SEO plugin v26.9 - https:\/\/yoast.com\/product\/yoast-seo-wordpress\/ -->\n<title>Theaterbesuche - Grundschule Neu-Ulm Weststadt<\/title>\n<meta name=\"robots\" content=\"index, follow, max-snippet:-1, max-image-preview:large, max-video-preview:-1\" \/>\n<link rel=\"canonical\" href=\"https:\/\/gswest.schule.neu-ulm.de\/wordpress\/?page_id=260\" \/>\n<meta property=\"og:locale\" content=\"de_DE\" \/>\n<meta property=\"og:type\" content=\"article\" \/>\n<meta property=\"og:title\" content=\"Theaterbesuche - Grundschule Neu-Ulm Weststadt\" \/>\n<meta property=\"og:description\" content=\"Unsere Schule besucht j\u00e4hrlich zur Weihnachtszeit das Ulmer Theater, um dort gemeinsam dem aktuellen St\u00fcck beizuwohnen. Zudem haben wir regelm\u00e4\u00dfig kleine Theatergruppen bei uns an der Schule, welche verschiedene St\u00fccke auff\u00fchren. So st\u00e4rken wir zum Einen das Gemeinschaftsgef\u00fchl unserer Schulfamilie, wecken aber auch Interesse am kulturellen Leben. Unter anderem konnten unsere Sch\u00fcler*innen in den letzten&hellip; Theaterbesuche weiterlesen\" \/>\n<meta property=\"og:url\" content=\"https:\/\/gswest.schule.neu-ulm.de\/wordpress\/?page_id=260\" \/>\n<meta property=\"og:site_name\" content=\"Grundschule Neu-Ulm Weststadt\" \/>\n<meta property=\"article:modified_time\" content=\"2024-02-03T09:16:06+00:00\" \/>\n<meta name=\"twitter:card\" content=\"summary_large_image\" \/>\n<meta name=\"twitter:label1\" content=\"Gesch\u00e4tzte Lesezeit\" \/>\n\t<meta name=\"twitter:data1\" content=\"1\u00a0Minute\" \/>\n<script type=\"application\/ld+json\" class=\"yoast-schema-graph\">{\"@context\":\"https:\/\/schema.org\",\"@graph\":[{\"@type\":\"WebPage\",\"@id\":\"https:\/\/gswest.schule.neu-ulm.de\/wordpress\/?page_id=260\",\"url\":\"https:\/\/gswest.schule.neu-ulm.de\/wordpress\/?page_id=260\",\"name\":\"Theaterbesuche - Grundschule Neu-Ulm Weststadt\",\"isPartOf\":{\"@id\":\"https:\/\/gswest.schule.neu-ulm.de\/wordpress\/#website\"},\"datePublished\":\"2024-02-02T10:42:50+00:00\",\"dateModified\":\"2024-02-03T09:16:06+00:00\",\"breadcrumb\":{\"@id\":\"https:\/\/gswest.schule.neu-ulm.de\/wordpress\/?page_id=260#breadcrumb\"},\"inLanguage\":\"de\",\"potentialAction\":[{\"@type\":\"ReadAction\",\"target\":[\"https:\/\/gswest.schule.neu-ulm.de\/wordpress\/?page_id=260\"]}]},{\"@type\":\"BreadcrumbList\",\"@id\":\"https:\/\/gswest.schule.neu-ulm.de\/wordpress\/?page_id=260#breadcrumb\",\"itemListElement\":[{\"@type\":\"ListItem\",\"position\":1,\"name\":\"Startseite\",\"item\":\"https:\/\/gswest.schule.neu-ulm.de\/wordpress\/\"},{\"@type\":\"ListItem\",\"position\":2,\"name\":\"Theaterbesuche\"}]},{\"@type\":\"WebSite\",\"@id\":\"https:\/\/gswest.schule.neu-ulm.de\/wordpress\/#website\",\"url\":\"https:\/\/gswest.schule.neu-ulm.de\/wordpress\/\",\"name\":\"Grundschule Neu-Ulm Weststadt\",\"description\":\"\",\"potentialAction\":[{\"@type\":\"SearchAction\",\"target\":{\"@type\":\"EntryPoint\",\"urlTemplate\":\"https:\/\/gswest.schule.neu-ulm.de\/wordpress\/?s={search_term_string}\"},\"query-input\":{\"@type\":\"PropertyValueSpecification\",\"valueRequired\":true,\"valueName\":\"search_term_string\"}}],\"inLanguage\":\"de\"}]}<\/script>\n<!-- \/ Yoast SEO plugin. -->","yoast_head_json":{"title":"Theaterbesuche - Grundschule Neu-Ulm Weststadt","robots":{"index":"index","follow":"follow","max-snippet":"max-snippet:-1","max-image-preview":"max-image-preview:large","max-video-preview":"max-video-preview:-1"},"canonical":"https:\/\/gswest.schule.neu-ulm.de\/wordpress\/?page_id=260","og_locale":"de_DE","og_type":"article","og_title":"Theaterbesuche - Grundschule Neu-Ulm Weststadt","og_description":"Unsere Schule besucht j\u00e4hrlich zur Weihnachtszeit das Ulmer Theater, um dort gemeinsam dem aktuellen St\u00fcck beizuwohnen. Zudem haben wir regelm\u00e4\u00dfig kleine Theatergruppen bei uns an der Schule, welche verschiedene St\u00fccke auff\u00fchren. So st\u00e4rken wir zum Einen das Gemeinschaftsgef\u00fchl unserer Schulfamilie, wecken aber auch Interesse am kulturellen Leben. Unter anderem konnten unsere Sch\u00fcler*innen in den letzten&hellip; Theaterbesuche weiterlesen","og_url":"https:\/\/gswest.schule.neu-ulm.de\/wordpress\/?page_id=260","og_site_name":"Grundschule Neu-Ulm Weststadt","article_modified_time":"2024-02-03T09:16:06+00:00","twitter_card":"summary_large_image","twitter_misc":{"Gesch\u00e4tzte Lesezeit":"1\u00a0Minute"},"schema":{"@context":"https:\/\/schema.org","@graph":[{"@type":"WebPage","@id":"https:\/\/gswest.schule.neu-ulm.de\/wordpress\/?page_id=260","url":"https:\/\/gswest.schule.neu-ulm.de\/wordpress\/?page_id=260","name":"Theaterbesuche - Grundschule Neu-Ulm Weststadt","isPartOf":{"@id":"https:\/\/gswest.schule.neu-ulm.de\/wordpress\/#website"},"datePublished":"2024-02-02T10:42:50+00:00","dateModified":"2024-02-03T09:16:06+00:00","breadcrumb":{"@id":"https:\/\/gswest.schule.neu-ulm.de\/wordpress\/?page_id=260#breadcrumb"},"inLanguage":"de","potentialAction":[{"@type":"ReadAction","target":["https:\/\/gswest.schule.neu-ulm.de\/wordpress\/?page_id=260"]}]},{"@type":"BreadcrumbList","@id":"https:\/\/gswest.schule.neu-ulm.de\/wordpress\/?page_id=260#breadcrumb","itemListElement":[{"@type":"ListItem","position":1,"name":"Startseite","item":"https:\/\/gswest.schule.neu-ulm.de\/wordpress\/"},{"@type":"ListItem","position":2,"name":"Theaterbesuche"}]},{"@type":"WebSite","@id":"https:\/\/gswest.schule.neu-ulm.de\/wordpress\/#website","url":"https:\/\/gswest.schule.neu-ulm.de\/wordpress\/","name":"Grundschule Neu-Ulm Weststadt","description":"","potentialAction":[{"@type":"SearchAction","target":{"@type":"EntryPoint","urlTemplate":"https:\/\/gswest.schule.neu-ulm.de\/wordpress\/?s={search_term_string}"},"query-input":{"@type":"PropertyValueSpecification","valueRequired":true,"valueName":"search_term_string"}}],"inLanguage":"de"}]}},"_links":{"self":[{"href":"https:\/\/gswest.schule.neu-ulm.de\/wordpress\/index.php?rest_route=\/wp\/v2\/pages\/260","targetHints":{"allow":["GET"]}}],"collection":[{"href":"https:\/\/gswest.schule.neu-ulm.de\/wordpress\/index.php?rest_route=\/wp\/v2\/pages"}],"about":[{"href":"https:\/\/gswest.schule.neu-ulm.de\/wordpress\/index.php?rest_route=\/wp\/v2\/types\/page"}],"author":[{"embeddable":true,"href":"https:\/\/gswest.schule.neu-ulm.de\/wordpress\/index.php?rest_route=\/wp\/v2\/users\/1"}],"replies":[{"embeddable":true,"href":"https:\/\/gswest.schule.neu-ulm.de\/wordpress\/index.php?rest_route=%2Fwp%2Fv2%2Fcomments&post=260"}],"version-history":[{"count":3,"href":"https:\/\/gswest.schule.neu-ulm.de\/wordpress\/index.php?rest_route=\/wp\/v2\/pages\/260\/revisions"}],"predecessor-version":[{"id":302,"href":"https:\/\/gswest.schule.neu-ulm.de\/wordpress\/index.php?rest_route=\/wp\/v2\/pages\/260\/revisions\/302"}],"wp:attachment":[{"href":"https:\/\/gswest.schule.neu-ulm.de\/wordpress\/index.php?rest_route=%2Fwp%2Fv2%2Fmedia&parent=260"}],"curies":[{"name":"wp","href":"https:\/\/api.w.org\/{rel}","templated":true}]}}