{"id":251,"date":"2024-02-02T10:42:50","date_gmt":"2024-02-02T10:42:50","guid":{"rendered":"https:\/\/gswest.schule.neu-ulm.de\/wordpress\/?page_id=251"},"modified":"2025-05-22T15:41:17","modified_gmt":"2025-05-22T15:41:17","slug":"musikprojektwoche","status":"publish","type":"page","link":"https:\/\/gswest.schule.neu-ulm.de\/wordpress\/?page_id=251","title":{"rendered":"Musikprojektwoche"},"content":{"rendered":"\n<p><strong>&#8222;Singen wir gemeinsam!<\/strong><\/p>\n\n\n\n<p>Vom 2.6. bis 6.6. ist es wieder so weit. Unter dem Motto<br>\u201eSingen wir gemeinsam\u201c starten wir dann in unsere j\u00e4hrliche Musikwoche.<\/p>\n\n\n\n<p><br>Unser Programm<br>Nach der gemeinsamen Er\u00f6ffnung am Montag, finden am Dienstag einzelne Aktionen in den Klassen statt. <\/p>\n\n\n\n<p>Am Mittwoch schw\u00e4rmen unsere Dritt- und Viertkl\u00e4ssler aus und besuchen das AWO-Seniorenheim, um dort die Bewohner mit musikalischen Beitr\u00e4gen zu erfreuen. Unsere Erst- und Zweitkl\u00e4ssler haben den AWO-Kindergarten zu uns in die Turnhalle eingeladen und werden ein tolles musikalisches Programm auf die Beine stellen. <\/p>\n\n\n\n<p>Am Donnerstag findet unsere Sch\u00fclermatinee statt. Alle Kinder, die ein Instrument erlernen, d\u00fcrfen sich pr\u00e4sentieren. Au\u00dferdem werden Lehrer von der Musikschule Neu-Ulm zu uns an die Schule kommen und einige Instrumente vorstellen. Vielleicht bekommt ja der ein oder andere Lust, auch ein Instrument zu erlernen. <\/p>\n\n\n\n<p>Am Freitag lassen wir die Musikwoche gemeinsam im Pausenhof ausklingen. Ganz nach dem Motto: \u201cSingen wir gemeinsam\u201c.<\/p>\n\n\n\n<p><a href=\"https:\/\/www.blkm.de\/BLKMProjekte\/Aktionstag\">blkm.de\/BLKMProjekte\/Aktionstag<\/a><\/p>\n\n\n\n<figure class=\"wp-block-image size-large is-resized is-style-default\"><img loading=\"lazy\" decoding=\"async\" width=\"1024\" height=\"768\" src=\"https:\/\/gswest.schule.neu-ulm.de\/wordpress\/wp-content\/uploads\/2024\/06\/IMG-20240625-WA0021-2-1024x768.jpg\" alt=\"\" class=\"wp-image-367\" style=\"width:609px;height:auto\" srcset=\"https:\/\/gswest.schule.neu-ulm.de\/wordpress\/wp-content\/uploads\/2024\/06\/IMG-20240625-WA0021-2-1024x768.jpg 1024w, https:\/\/gswest.schule.neu-ulm.de\/wordpress\/wp-content\/uploads\/2024\/06\/IMG-20240625-WA0021-2-300x225.jpg 300w, https:\/\/gswest.schule.neu-ulm.de\/wordpress\/wp-content\/uploads\/2024\/06\/IMG-20240625-WA0021-2-768x576.jpg 768w, https:\/\/gswest.schule.neu-ulm.de\/wordpress\/wp-content\/uploads\/2024\/06\/IMG-20240625-WA0021-2-1536x1152.jpg 1536w, https:\/\/gswest.schule.neu-ulm.de\/wordpress\/wp-content\/uploads\/2024\/06\/IMG-20240625-WA0021-2-1568x1176.jpg 1568w, https:\/\/gswest.schule.neu-ulm.de\/wordpress\/wp-content\/uploads\/2024\/06\/IMG-20240625-WA0021-2.jpg 2048w\" sizes=\"auto, (max-width: 1024px) 100vw, 1024px\" \/><\/figure>\n","protected":false},"excerpt":{"rendered":"<p>&#8222;Singen wir gemeinsam! Vom 2.6. bis 6.6. ist es wieder so weit. Unter dem Motto\u201eSingen wir gemeinsam\u201c starten wir dann in unsere j\u00e4hrliche Musikwoche. Unser ProgrammNach der gemeinsamen Er\u00f6ffnung am Montag, finden am Dienstag einzelne Aktionen in den Klassen statt. Am Mittwoch schw\u00e4rmen unsere Dritt- und Viertkl\u00e4ssler aus und besuchen das AWO-Seniorenheim, um dort die&hellip; <a class=\"more-link\" href=\"https:\/\/gswest.schule.neu-ulm.de\/wordpress\/?page_id=251\"><span class=\"screen-reader-text\">Musikprojektwoche<\/span> weiterlesen<\/a><\/p>\n","protected":false},"author":1,"featured_media":0,"parent":0,"menu_order":0,"comment_status":"closed","ping_status":"closed","template":"","meta":{"footnotes":""},"class_list":["post-251","page","type-page","status-publish","hentry","entry"],"yoast_head":"<!-- This site is optimized with the Yoast SEO plugin v27.5 - https:\/\/yoast.com\/product\/yoast-seo-wordpress\/ -->\n<title>Musikprojektwoche - Grundschule Neu-Ulm Weststadt<\/title>\n<meta name=\"robots\" content=\"index, follow, max-snippet:-1, max-image-preview:large, max-video-preview:-1\" \/>\n<link rel=\"canonical\" href=\"https:\/\/gswest.schule.neu-ulm.de\/wordpress\/?page_id=251\" \/>\n<meta property=\"og:locale\" content=\"de_DE\" \/>\n<meta property=\"og:type\" content=\"article\" \/>\n<meta property=\"og:title\" content=\"Musikprojektwoche - Grundschule Neu-Ulm Weststadt\" \/>\n<meta property=\"og:description\" content=\"&#8222;Singen wir gemeinsam! Vom 2.6. bis 6.6. ist es wieder so weit. Unter dem Motto\u201eSingen wir gemeinsam\u201c starten wir dann in unsere j\u00e4hrliche Musikwoche. Unser ProgrammNach der gemeinsamen Er\u00f6ffnung am Montag, finden am Dienstag einzelne Aktionen in den Klassen statt. Am Mittwoch schw\u00e4rmen unsere Dritt- und Viertkl\u00e4ssler aus und besuchen das AWO-Seniorenheim, um dort die&hellip; Musikprojektwoche weiterlesen\" \/>\n<meta property=\"og:url\" content=\"https:\/\/gswest.schule.neu-ulm.de\/wordpress\/?page_id=251\" \/>\n<meta property=\"og:site_name\" content=\"Grundschule Neu-Ulm Weststadt\" \/>\n<meta property=\"article:modified_time\" content=\"2025-05-22T15:41:17+00:00\" \/>\n<meta property=\"og:image\" content=\"https:\/\/gswest.schule.neu-ulm.de\/wordpress\/wp-content\/uploads\/2024\/06\/IMG-20240625-WA0021-2.jpg\" \/>\n\t<meta property=\"og:image:width\" content=\"2048\" \/>\n\t<meta property=\"og:image:height\" content=\"1536\" \/>\n\t<meta property=\"og:image:type\" content=\"image\/jpeg\" \/>\n<meta name=\"twitter:card\" content=\"summary_large_image\" \/>\n<meta name=\"twitter:label1\" content=\"Gesch\u00e4tzte Lesezeit\" \/>\n\t<meta name=\"twitter:data1\" content=\"2\u00a0Minuten\" \/>\n<script type=\"application\/ld+json\" class=\"yoast-schema-graph\">{\"@context\":\"https:\\\/\\\/schema.org\",\"@graph\":[{\"@type\":\"WebPage\",\"@id\":\"https:\\\/\\\/gswest.schule.neu-ulm.de\\\/wordpress\\\/?page_id=251\",\"url\":\"https:\\\/\\\/gswest.schule.neu-ulm.de\\\/wordpress\\\/?page_id=251\",\"name\":\"Musikprojektwoche - Grundschule Neu-Ulm Weststadt\",\"isPartOf\":{\"@id\":\"https:\\\/\\\/gswest.schule.neu-ulm.de\\\/wordpress\\\/#website\"},\"primaryImageOfPage\":{\"@id\":\"https:\\\/\\\/gswest.schule.neu-ulm.de\\\/wordpress\\\/?page_id=251#primaryimage\"},\"image\":{\"@id\":\"https:\\\/\\\/gswest.schule.neu-ulm.de\\\/wordpress\\\/?page_id=251#primaryimage\"},\"thumbnailUrl\":\"https:\\\/\\\/gswest.schule.neu-ulm.de\\\/wordpress\\\/wp-content\\\/uploads\\\/2024\\\/06\\\/IMG-20240625-WA0021-2-1024x768.jpg\",\"datePublished\":\"2024-02-02T10:42:50+00:00\",\"dateModified\":\"2025-05-22T15:41:17+00:00\",\"breadcrumb\":{\"@id\":\"https:\\\/\\\/gswest.schule.neu-ulm.de\\\/wordpress\\\/?page_id=251#breadcrumb\"},\"inLanguage\":\"de\",\"potentialAction\":[{\"@type\":\"ReadAction\",\"target\":[\"https:\\\/\\\/gswest.schule.neu-ulm.de\\\/wordpress\\\/?page_id=251\"]}]},{\"@type\":\"ImageObject\",\"inLanguage\":\"de\",\"@id\":\"https:\\\/\\\/gswest.schule.neu-ulm.de\\\/wordpress\\\/?page_id=251#primaryimage\",\"url\":\"https:\\\/\\\/gswest.schule.neu-ulm.de\\\/wordpress\\\/wp-content\\\/uploads\\\/2024\\\/06\\\/IMG-20240625-WA0021-2.jpg\",\"contentUrl\":\"https:\\\/\\\/gswest.schule.neu-ulm.de\\\/wordpress\\\/wp-content\\\/uploads\\\/2024\\\/06\\\/IMG-20240625-WA0021-2.jpg\",\"width\":2048,\"height\":1536},{\"@type\":\"BreadcrumbList\",\"@id\":\"https:\\\/\\\/gswest.schule.neu-ulm.de\\\/wordpress\\\/?page_id=251#breadcrumb\",\"itemListElement\":[{\"@type\":\"ListItem\",\"position\":1,\"name\":\"Startseite\",\"item\":\"https:\\\/\\\/gswest.schule.neu-ulm.de\\\/wordpress\\\/\"},{\"@type\":\"ListItem\",\"position\":2,\"name\":\"Musikprojektwoche\"}]},{\"@type\":\"WebSite\",\"@id\":\"https:\\\/\\\/gswest.schule.neu-ulm.de\\\/wordpress\\\/#website\",\"url\":\"https:\\\/\\\/gswest.schule.neu-ulm.de\\\/wordpress\\\/\",\"name\":\"Grundschule Neu-Ulm Weststadt\",\"description\":\"\",\"potentialAction\":[{\"@type\":\"SearchAction\",\"target\":{\"@type\":\"EntryPoint\",\"urlTemplate\":\"https:\\\/\\\/gswest.schule.neu-ulm.de\\\/wordpress\\\/?s={search_term_string}\"},\"query-input\":{\"@type\":\"PropertyValueSpecification\",\"valueRequired\":true,\"valueName\":\"search_term_string\"}}],\"inLanguage\":\"de\"}]}<\/script>\n<!-- \/ Yoast SEO plugin. -->","yoast_head_json":{"title":"Musikprojektwoche - Grundschule Neu-Ulm Weststadt","robots":{"index":"index","follow":"follow","max-snippet":"max-snippet:-1","max-image-preview":"max-image-preview:large","max-video-preview":"max-video-preview:-1"},"canonical":"https:\/\/gswest.schule.neu-ulm.de\/wordpress\/?page_id=251","og_locale":"de_DE","og_type":"article","og_title":"Musikprojektwoche - Grundschule Neu-Ulm Weststadt","og_description":"&#8222;Singen wir gemeinsam! Vom 2.6. bis 6.6. ist es wieder so weit. Unter dem Motto\u201eSingen wir gemeinsam\u201c starten wir dann in unsere j\u00e4hrliche Musikwoche. Unser ProgrammNach der gemeinsamen Er\u00f6ffnung am Montag, finden am Dienstag einzelne Aktionen in den Klassen statt. Am Mittwoch schw\u00e4rmen unsere Dritt- und Viertkl\u00e4ssler aus und besuchen das AWO-Seniorenheim, um dort die&hellip; Musikprojektwoche weiterlesen","og_url":"https:\/\/gswest.schule.neu-ulm.de\/wordpress\/?page_id=251","og_site_name":"Grundschule Neu-Ulm Weststadt","article_modified_time":"2025-05-22T15:41:17+00:00","og_image":[{"width":2048,"height":1536,"url":"https:\/\/gswest.schule.neu-ulm.de\/wordpress\/wp-content\/uploads\/2024\/06\/IMG-20240625-WA0021-2.jpg","type":"image\/jpeg"}],"twitter_card":"summary_large_image","twitter_misc":{"Gesch\u00e4tzte Lesezeit":"2\u00a0Minuten"},"schema":{"@context":"https:\/\/schema.org","@graph":[{"@type":"WebPage","@id":"https:\/\/gswest.schule.neu-ulm.de\/wordpress\/?page_id=251","url":"https:\/\/gswest.schule.neu-ulm.de\/wordpress\/?page_id=251","name":"Musikprojektwoche - Grundschule Neu-Ulm Weststadt","isPartOf":{"@id":"https:\/\/gswest.schule.neu-ulm.de\/wordpress\/#website"},"primaryImageOfPage":{"@id":"https:\/\/gswest.schule.neu-ulm.de\/wordpress\/?page_id=251#primaryimage"},"image":{"@id":"https:\/\/gswest.schule.neu-ulm.de\/wordpress\/?page_id=251#primaryimage"},"thumbnailUrl":"https:\/\/gswest.schule.neu-ulm.de\/wordpress\/wp-content\/uploads\/2024\/06\/IMG-20240625-WA0021-2-1024x768.jpg","datePublished":"2024-02-02T10:42:50+00:00","dateModified":"2025-05-22T15:41:17+00:00","breadcrumb":{"@id":"https:\/\/gswest.schule.neu-ulm.de\/wordpress\/?page_id=251#breadcrumb"},"inLanguage":"de","potentialAction":[{"@type":"ReadAction","target":["https:\/\/gswest.schule.neu-ulm.de\/wordpress\/?page_id=251"]}]},{"@type":"ImageObject","inLanguage":"de","@id":"https:\/\/gswest.schule.neu-ulm.de\/wordpress\/?page_id=251#primaryimage","url":"https:\/\/gswest.schule.neu-ulm.de\/wordpress\/wp-content\/uploads\/2024\/06\/IMG-20240625-WA0021-2.jpg","contentUrl":"https:\/\/gswest.schule.neu-ulm.de\/wordpress\/wp-content\/uploads\/2024\/06\/IMG-20240625-WA0021-2.jpg","width":2048,"height":1536},{"@type":"BreadcrumbList","@id":"https:\/\/gswest.schule.neu-ulm.de\/wordpress\/?page_id=251#breadcrumb","itemListElement":[{"@type":"ListItem","position":1,"name":"Startseite","item":"https:\/\/gswest.schule.neu-ulm.de\/wordpress\/"},{"@type":"ListItem","position":2,"name":"Musikprojektwoche"}]},{"@type":"WebSite","@id":"https:\/\/gswest.schule.neu-ulm.de\/wordpress\/#website","url":"https:\/\/gswest.schule.neu-ulm.de\/wordpress\/","name":"Grundschule Neu-Ulm Weststadt","description":"","potentialAction":[{"@type":"SearchAction","target":{"@type":"EntryPoint","urlTemplate":"https:\/\/gswest.schule.neu-ulm.de\/wordpress\/?s={search_term_string}"},"query-input":{"@type":"PropertyValueSpecification","valueRequired":true,"valueName":"search_term_string"}}],"inLanguage":"de"}]}},"_links":{"self":[{"href":"https:\/\/gswest.schule.neu-ulm.de\/wordpress\/index.php?rest_route=\/wp\/v2\/pages\/251","targetHints":{"allow":["GET"]}}],"collection":[{"href":"https:\/\/gswest.schule.neu-ulm.de\/wordpress\/index.php?rest_route=\/wp\/v2\/pages"}],"about":[{"href":"https:\/\/gswest.schule.neu-ulm.de\/wordpress\/index.php?rest_route=\/wp\/v2\/types\/page"}],"author":[{"embeddable":true,"href":"https:\/\/gswest.schule.neu-ulm.de\/wordpress\/index.php?rest_route=\/wp\/v2\/users\/1"}],"replies":[{"embeddable":true,"href":"https:\/\/gswest.schule.neu-ulm.de\/wordpress\/index.php?rest_route=%2Fwp%2Fv2%2Fcomments&post=251"}],"version-history":[{"count":6,"href":"https:\/\/gswest.schule.neu-ulm.de\/wordpress\/index.php?rest_route=\/wp\/v2\/pages\/251\/revisions"}],"predecessor-version":[{"id":550,"href":"https:\/\/gswest.schule.neu-ulm.de\/wordpress\/index.php?rest_route=\/wp\/v2\/pages\/251\/revisions\/550"}],"wp:attachment":[{"href":"https:\/\/gswest.schule.neu-ulm.de\/wordpress\/index.php?rest_route=%2Fwp%2Fv2%2Fmedia&parent=251"}],"curies":[{"name":"wp","href":"https:\/\/api.w.org\/{rel}","templated":true}]}}