{"id":247,"date":"2024-02-02T10:42:50","date_gmt":"2024-02-02T10:42:50","guid":{"rendered":"https:\/\/gswest.schule.neu-ulm.de\/wordpress\/?page_id=247"},"modified":"2024-11-26T13:47:20","modified_gmt":"2024-11-26T13:47:20","slug":"schuelerbuecherei","status":"publish","type":"page","link":"https:\/\/gswest.schule.neu-ulm.de\/wordpress\/?page_id=247","title":{"rendered":"Sch\u00fclerb\u00fccherei"},"content":{"rendered":"\n<figure class=\"wp-block-image size-large is-resized\"><img loading=\"lazy\" decoding=\"async\" width=\"1024\" height=\"768\" src=\"https:\/\/gswest.schule.neu-ulm.de\/wordpress\/wp-content\/uploads\/2024\/09\/1727355056266-min-2-1024x768.jpg\" alt=\"\" class=\"wp-image-397\" style=\"width:611px;height:auto\" srcset=\"https:\/\/gswest.schule.neu-ulm.de\/wordpress\/wp-content\/uploads\/2024\/09\/1727355056266-min-2-1024x768.jpg 1024w, https:\/\/gswest.schule.neu-ulm.de\/wordpress\/wp-content\/uploads\/2024\/09\/1727355056266-min-2-300x225.jpg 300w, https:\/\/gswest.schule.neu-ulm.de\/wordpress\/wp-content\/uploads\/2024\/09\/1727355056266-min-2-768x576.jpg 768w, https:\/\/gswest.schule.neu-ulm.de\/wordpress\/wp-content\/uploads\/2024\/09\/1727355056266-min-2-1536x1152.jpg 1536w, https:\/\/gswest.schule.neu-ulm.de\/wordpress\/wp-content\/uploads\/2024\/09\/1727355056266-min-2-2048x1536.jpg 2048w, https:\/\/gswest.schule.neu-ulm.de\/wordpress\/wp-content\/uploads\/2024\/09\/1727355056266-min-2-1568x1176.jpg 1568w\" sizes=\"auto, (max-width: 1024px) 100vw, 1024px\" \/><\/figure>\n\n\n\n<figure class=\"wp-block-image size-large\"><img loading=\"lazy\" decoding=\"async\" width=\"1024\" height=\"768\" src=\"https:\/\/gswest.schule.neu-ulm.de\/wordpress\/wp-content\/uploads\/2024\/09\/1727355056306-min-1024x768.jpg\" alt=\"\" class=\"wp-image-398\" srcset=\"https:\/\/gswest.schule.neu-ulm.de\/wordpress\/wp-content\/uploads\/2024\/09\/1727355056306-min-1024x768.jpg 1024w, https:\/\/gswest.schule.neu-ulm.de\/wordpress\/wp-content\/uploads\/2024\/09\/1727355056306-min-300x225.jpg 300w, https:\/\/gswest.schule.neu-ulm.de\/wordpress\/wp-content\/uploads\/2024\/09\/1727355056306-min-768x576.jpg 768w, https:\/\/gswest.schule.neu-ulm.de\/wordpress\/wp-content\/uploads\/2024\/09\/1727355056306-min-1536x1152.jpg 1536w, https:\/\/gswest.schule.neu-ulm.de\/wordpress\/wp-content\/uploads\/2024\/09\/1727355056306-min-2048x1536.jpg 2048w, https:\/\/gswest.schule.neu-ulm.de\/wordpress\/wp-content\/uploads\/2024\/09\/1727355056306-min-1568x1176.jpg 1568w\" sizes=\"auto, (max-width: 1024px) 100vw, 1024px\" \/><\/figure>\n\n\n\n<p>Unsere Sch\u00fclerb\u00fccherei ist zwar &#8222;klein, aber fein&#8220; und wird von den Kindern sehr gerne angenommen.<\/p>\n\n\n\n<p>Aktuell (ab 30.09.2024) ist sie in jeder ersten Pause von Montag bis Freitag ge\u00f6ffnet und bietet den Kindern Geschichten, Sach- und Bilderb\u00fccher.<\/p>\n\n\n\n<p>Die Themenbereiche sind weit gestreut und so ist f\u00fcr jeden Lesetypen etwas dabei.<\/p>\n\n\n\n<p>Dank des F\u00f6rdervereins unserer Schule k\u00f6nnen wir ab dem Schuljahr 2024\/25 ein elektronisches Ausleihsystem unser Eigen nennen.<\/p>\n\n\n\n<p>Hierzu ist die Zustimmung zur Nutzung personenbezogener Daten notwendig. Diese k\u00f6nnen Sie hier herunterladen und anschlie\u00dfend den Klassenlehrkr\u00e4ften zukommen lassen.<\/p>\n\n\n\n<div data-wp-interactive=\"core\/file\" class=\"wp-block-file\"><object data-wp-bind--hidden=\"!state.hasPdfPreview\" hidden class=\"wp-block-file__embed\" data=\"https:\/\/gswest.schule.neu-ulm.de\/wordpress\/wp-content\/uploads\/2024\/09\/Zustimmung-zur-Nutzung-der-Schuelerbuecherei.pdf\" type=\"application\/pdf\" style=\"width:100%;height:200px\" aria-label=\"Einbettung von Zustimmung zur Nutzung der Sch\u00fclerb\u00fccherei.\"><\/object><a id=\"wp-block-file--media-2435eee5-eeb0-4655-80a8-aacbd90f87a4\" href=\"https:\/\/gswest.schule.neu-ulm.de\/wordpress\/wp-content\/uploads\/2024\/09\/Zustimmung-zur-Nutzung-der-Schuelerbuecherei.pdf\">Zustimmung zur Nutzung der Sch\u00fclerb\u00fccherei<\/a><a href=\"https:\/\/gswest.schule.neu-ulm.de\/wordpress\/wp-content\/uploads\/2024\/09\/Zustimmung-zur-Nutzung-der-Schuelerbuecherei.pdf\" class=\"wp-block-file__button wp-element-button\" download aria-describedby=\"wp-block-file--media-2435eee5-eeb0-4655-80a8-aacbd90f87a4\">Herunterladen<\/a><\/div>\n\n\n\n<p><strong>Buchspenden<\/strong><\/p>\n\n\n\n<p>Regelm\u00e4\u00dfig werden neue B\u00fccher angeschafft, wir freuen uns aber auch sehr  \u00fcber B\u00fccherspenden. Wenn Sie Zuhause also Buchexemplare besitzen, die dort nicht mehr gelesen werden, d\u00fcrfen Sie diese sehr gerne unserer Sch\u00fclerb\u00fccherei zur Verf\u00fcgung stellen, um den Kindern neues Lesefutter zu bieten.<\/p>\n\n\n\n<p>Besonders freuen wir uns auch \u00fcber Comics (Lustiges Taschenbuch, Asterix, Lucky Luke und \u00c4hnliches) und fremdsprachige B\u00fccher.<\/p>\n\n\n\n<p>Eine immer aktuelle Wunschliste der Kinder f\u00fcr die B\u00fccherei finden Sie <strong><a href=\"http:\/\/www.amazon.de\/hz\/wishlist\/ls\/64A6BQFKIFDH?ref_=wl_share\">HIER<\/a><\/strong><\/p>\n\n\n\n<p><strong>Lese- und Rechercheraum<\/strong><\/p>\n\n\n\n<p>Zu diesem Schuljahr konnten wir einen reinen Lese- und Rechercheraum schaffen, welcher direkt an die B\u00fccherei angrenzt.<\/p>\n\n\n\n<p>So k\u00f6nnen sich die Kinder B\u00fccher ausleihen, anlesen und Informationen sammeln und diese direkt an den bereitstehenden Arbeitstischen zusammenfassen und notieren.<\/p>\n\n\n\n<figure class=\"wp-block-image size-large is-resized\"><img loading=\"lazy\" decoding=\"async\" width=\"768\" height=\"1024\" src=\"https:\/\/gswest.schule.neu-ulm.de\/wordpress\/wp-content\/uploads\/2024\/09\/1727355056376-min-768x1024.jpg\" alt=\"\" class=\"wp-image-399\" style=\"width:451px;height:auto\" srcset=\"https:\/\/gswest.schule.neu-ulm.de\/wordpress\/wp-content\/uploads\/2024\/09\/1727355056376-min-768x1024.jpg 768w, https:\/\/gswest.schule.neu-ulm.de\/wordpress\/wp-content\/uploads\/2024\/09\/1727355056376-min-225x300.jpg 225w, https:\/\/gswest.schule.neu-ulm.de\/wordpress\/wp-content\/uploads\/2024\/09\/1727355056376-min-1152x1536.jpg 1152w, https:\/\/gswest.schule.neu-ulm.de\/wordpress\/wp-content\/uploads\/2024\/09\/1727355056376-min-1536x2048.jpg 1536w, https:\/\/gswest.schule.neu-ulm.de\/wordpress\/wp-content\/uploads\/2024\/09\/1727355056376-min-1568x2091.jpg 1568w, https:\/\/gswest.schule.neu-ulm.de\/wordpress\/wp-content\/uploads\/2024\/09\/1727355056376-min-scaled.jpg 1920w\" sizes=\"auto, (max-width: 768px) 100vw, 768px\" \/><\/figure>\n","protected":false},"excerpt":{"rendered":"<p>Unsere Sch\u00fclerb\u00fccherei ist zwar &#8222;klein, aber fein&#8220; und wird von den Kindern sehr gerne angenommen. Aktuell (ab 30.09.2024) ist sie in jeder ersten Pause von Montag bis Freitag ge\u00f6ffnet und bietet den Kindern Geschichten, Sach- und Bilderb\u00fccher. Die Themenbereiche sind weit gestreut und so ist f\u00fcr jeden Lesetypen etwas dabei. Dank des F\u00f6rdervereins unserer Schule&hellip; <a class=\"more-link\" href=\"https:\/\/gswest.schule.neu-ulm.de\/wordpress\/?page_id=247\"><span class=\"screen-reader-text\">Sch\u00fclerb\u00fccherei<\/span> weiterlesen<\/a><\/p>\n","protected":false},"author":1,"featured_media":0,"parent":0,"menu_order":0,"comment_status":"closed","ping_status":"closed","template":"","meta":{"footnotes":""},"class_list":["post-247","page","type-page","status-publish","hentry","entry"],"yoast_head":"<!-- This site is optimized with the Yoast SEO plugin v26.9 - https:\/\/yoast.com\/product\/yoast-seo-wordpress\/ -->\n<title>Sch\u00fclerb\u00fccherei - Grundschule Neu-Ulm Weststadt<\/title>\n<meta name=\"robots\" content=\"index, follow, max-snippet:-1, max-image-preview:large, max-video-preview:-1\" \/>\n<link rel=\"canonical\" href=\"https:\/\/gswest.schule.neu-ulm.de\/wordpress\/?page_id=247\" \/>\n<meta property=\"og:locale\" content=\"de_DE\" \/>\n<meta property=\"og:type\" content=\"article\" \/>\n<meta property=\"og:title\" content=\"Sch\u00fclerb\u00fccherei - Grundschule Neu-Ulm Weststadt\" \/>\n<meta property=\"og:description\" content=\"Unsere Sch\u00fclerb\u00fccherei ist zwar &#8222;klein, aber fein&#8220; und wird von den Kindern sehr gerne angenommen. Aktuell (ab 30.09.2024) ist sie in jeder ersten Pause von Montag bis Freitag ge\u00f6ffnet und bietet den Kindern Geschichten, Sach- und Bilderb\u00fccher. Die Themenbereiche sind weit gestreut und so ist f\u00fcr jeden Lesetypen etwas dabei. Dank des F\u00f6rdervereins unserer Schule&hellip; Sch\u00fclerb\u00fccherei weiterlesen\" \/>\n<meta property=\"og:url\" content=\"https:\/\/gswest.schule.neu-ulm.de\/wordpress\/?page_id=247\" \/>\n<meta property=\"og:site_name\" content=\"Grundschule Neu-Ulm Weststadt\" \/>\n<meta property=\"article:modified_time\" content=\"2024-11-26T13:47:20+00:00\" \/>\n<meta property=\"og:image\" content=\"https:\/\/gswest.schule.neu-ulm.de\/wordpress\/wp-content\/uploads\/2024\/09\/1727355056266-min-2-scaled.jpg\" \/>\n\t<meta property=\"og:image:width\" content=\"2560\" \/>\n\t<meta property=\"og:image:height\" content=\"1920\" \/>\n\t<meta property=\"og:image:type\" content=\"image\/jpeg\" \/>\n<meta name=\"twitter:card\" content=\"summary_large_image\" \/>\n<meta name=\"twitter:label1\" content=\"Gesch\u00e4tzte Lesezeit\" \/>\n\t<meta name=\"twitter:data1\" content=\"2\u00a0Minuten\" \/>\n<script type=\"application\/ld+json\" class=\"yoast-schema-graph\">{\"@context\":\"https:\/\/schema.org\",\"@graph\":[{\"@type\":\"WebPage\",\"@id\":\"https:\/\/gswest.schule.neu-ulm.de\/wordpress\/?page_id=247\",\"url\":\"https:\/\/gswest.schule.neu-ulm.de\/wordpress\/?page_id=247\",\"name\":\"Sch\u00fclerb\u00fccherei - Grundschule Neu-Ulm Weststadt\",\"isPartOf\":{\"@id\":\"https:\/\/gswest.schule.neu-ulm.de\/wordpress\/#website\"},\"primaryImageOfPage\":{\"@id\":\"https:\/\/gswest.schule.neu-ulm.de\/wordpress\/?page_id=247#primaryimage\"},\"image\":{\"@id\":\"https:\/\/gswest.schule.neu-ulm.de\/wordpress\/?page_id=247#primaryimage\"},\"thumbnailUrl\":\"https:\/\/gswest.schule.neu-ulm.de\/wordpress\/wp-content\/uploads\/2024\/09\/1727355056266-min-2-1024x768.jpg\",\"datePublished\":\"2024-02-02T10:42:50+00:00\",\"dateModified\":\"2024-11-26T13:47:20+00:00\",\"breadcrumb\":{\"@id\":\"https:\/\/gswest.schule.neu-ulm.de\/wordpress\/?page_id=247#breadcrumb\"},\"inLanguage\":\"de\",\"potentialAction\":[{\"@type\":\"ReadAction\",\"target\":[\"https:\/\/gswest.schule.neu-ulm.de\/wordpress\/?page_id=247\"]}]},{\"@type\":\"ImageObject\",\"inLanguage\":\"de\",\"@id\":\"https:\/\/gswest.schule.neu-ulm.de\/wordpress\/?page_id=247#primaryimage\",\"url\":\"https:\/\/gswest.schule.neu-ulm.de\/wordpress\/wp-content\/uploads\/2024\/09\/1727355056266-min-2-scaled.jpg\",\"contentUrl\":\"https:\/\/gswest.schule.neu-ulm.de\/wordpress\/wp-content\/uploads\/2024\/09\/1727355056266-min-2-scaled.jpg\",\"width\":2560,\"height\":1920},{\"@type\":\"BreadcrumbList\",\"@id\":\"https:\/\/gswest.schule.neu-ulm.de\/wordpress\/?page_id=247#breadcrumb\",\"itemListElement\":[{\"@type\":\"ListItem\",\"position\":1,\"name\":\"Startseite\",\"item\":\"https:\/\/gswest.schule.neu-ulm.de\/wordpress\/\"},{\"@type\":\"ListItem\",\"position\":2,\"name\":\"Sch\u00fclerb\u00fccherei\"}]},{\"@type\":\"WebSite\",\"@id\":\"https:\/\/gswest.schule.neu-ulm.de\/wordpress\/#website\",\"url\":\"https:\/\/gswest.schule.neu-ulm.de\/wordpress\/\",\"name\":\"Grundschule Neu-Ulm Weststadt\",\"description\":\"\",\"potentialAction\":[{\"@type\":\"SearchAction\",\"target\":{\"@type\":\"EntryPoint\",\"urlTemplate\":\"https:\/\/gswest.schule.neu-ulm.de\/wordpress\/?s={search_term_string}\"},\"query-input\":{\"@type\":\"PropertyValueSpecification\",\"valueRequired\":true,\"valueName\":\"search_term_string\"}}],\"inLanguage\":\"de\"}]}<\/script>\n<!-- \/ Yoast SEO plugin. -->","yoast_head_json":{"title":"Sch\u00fclerb\u00fccherei - Grundschule Neu-Ulm Weststadt","robots":{"index":"index","follow":"follow","max-snippet":"max-snippet:-1","max-image-preview":"max-image-preview:large","max-video-preview":"max-video-preview:-1"},"canonical":"https:\/\/gswest.schule.neu-ulm.de\/wordpress\/?page_id=247","og_locale":"de_DE","og_type":"article","og_title":"Sch\u00fclerb\u00fccherei - Grundschule Neu-Ulm Weststadt","og_description":"Unsere Sch\u00fclerb\u00fccherei ist zwar &#8222;klein, aber fein&#8220; und wird von den Kindern sehr gerne angenommen. Aktuell (ab 30.09.2024) ist sie in jeder ersten Pause von Montag bis Freitag ge\u00f6ffnet und bietet den Kindern Geschichten, Sach- und Bilderb\u00fccher. Die Themenbereiche sind weit gestreut und so ist f\u00fcr jeden Lesetypen etwas dabei. Dank des F\u00f6rdervereins unserer Schule&hellip; Sch\u00fclerb\u00fccherei weiterlesen","og_url":"https:\/\/gswest.schule.neu-ulm.de\/wordpress\/?page_id=247","og_site_name":"Grundschule Neu-Ulm Weststadt","article_modified_time":"2024-11-26T13:47:20+00:00","og_image":[{"width":2560,"height":1920,"url":"https:\/\/gswest.schule.neu-ulm.de\/wordpress\/wp-content\/uploads\/2024\/09\/1727355056266-min-2-scaled.jpg","type":"image\/jpeg"}],"twitter_card":"summary_large_image","twitter_misc":{"Gesch\u00e4tzte Lesezeit":"2\u00a0Minuten"},"schema":{"@context":"https:\/\/schema.org","@graph":[{"@type":"WebPage","@id":"https:\/\/gswest.schule.neu-ulm.de\/wordpress\/?page_id=247","url":"https:\/\/gswest.schule.neu-ulm.de\/wordpress\/?page_id=247","name":"Sch\u00fclerb\u00fccherei - Grundschule Neu-Ulm Weststadt","isPartOf":{"@id":"https:\/\/gswest.schule.neu-ulm.de\/wordpress\/#website"},"primaryImageOfPage":{"@id":"https:\/\/gswest.schule.neu-ulm.de\/wordpress\/?page_id=247#primaryimage"},"image":{"@id":"https:\/\/gswest.schule.neu-ulm.de\/wordpress\/?page_id=247#primaryimage"},"thumbnailUrl":"https:\/\/gswest.schule.neu-ulm.de\/wordpress\/wp-content\/uploads\/2024\/09\/1727355056266-min-2-1024x768.jpg","datePublished":"2024-02-02T10:42:50+00:00","dateModified":"2024-11-26T13:47:20+00:00","breadcrumb":{"@id":"https:\/\/gswest.schule.neu-ulm.de\/wordpress\/?page_id=247#breadcrumb"},"inLanguage":"de","potentialAction":[{"@type":"ReadAction","target":["https:\/\/gswest.schule.neu-ulm.de\/wordpress\/?page_id=247"]}]},{"@type":"ImageObject","inLanguage":"de","@id":"https:\/\/gswest.schule.neu-ulm.de\/wordpress\/?page_id=247#primaryimage","url":"https:\/\/gswest.schule.neu-ulm.de\/wordpress\/wp-content\/uploads\/2024\/09\/1727355056266-min-2-scaled.jpg","contentUrl":"https:\/\/gswest.schule.neu-ulm.de\/wordpress\/wp-content\/uploads\/2024\/09\/1727355056266-min-2-scaled.jpg","width":2560,"height":1920},{"@type":"BreadcrumbList","@id":"https:\/\/gswest.schule.neu-ulm.de\/wordpress\/?page_id=247#breadcrumb","itemListElement":[{"@type":"ListItem","position":1,"name":"Startseite","item":"https:\/\/gswest.schule.neu-ulm.de\/wordpress\/"},{"@type":"ListItem","position":2,"name":"Sch\u00fclerb\u00fccherei"}]},{"@type":"WebSite","@id":"https:\/\/gswest.schule.neu-ulm.de\/wordpress\/#website","url":"https:\/\/gswest.schule.neu-ulm.de\/wordpress\/","name":"Grundschule Neu-Ulm Weststadt","description":"","potentialAction":[{"@type":"SearchAction","target":{"@type":"EntryPoint","urlTemplate":"https:\/\/gswest.schule.neu-ulm.de\/wordpress\/?s={search_term_string}"},"query-input":{"@type":"PropertyValueSpecification","valueRequired":true,"valueName":"search_term_string"}}],"inLanguage":"de"}]}},"_links":{"self":[{"href":"https:\/\/gswest.schule.neu-ulm.de\/wordpress\/index.php?rest_route=\/wp\/v2\/pages\/247","targetHints":{"allow":["GET"]}}],"collection":[{"href":"https:\/\/gswest.schule.neu-ulm.de\/wordpress\/index.php?rest_route=\/wp\/v2\/pages"}],"about":[{"href":"https:\/\/gswest.schule.neu-ulm.de\/wordpress\/index.php?rest_route=\/wp\/v2\/types\/page"}],"author":[{"embeddable":true,"href":"https:\/\/gswest.schule.neu-ulm.de\/wordpress\/index.php?rest_route=\/wp\/v2\/users\/1"}],"replies":[{"embeddable":true,"href":"https:\/\/gswest.schule.neu-ulm.de\/wordpress\/index.php?rest_route=%2Fwp%2Fv2%2Fcomments&post=247"}],"version-history":[{"count":6,"href":"https:\/\/gswest.schule.neu-ulm.de\/wordpress\/index.php?rest_route=\/wp\/v2\/pages\/247\/revisions"}],"predecessor-version":[{"id":479,"href":"https:\/\/gswest.schule.neu-ulm.de\/wordpress\/index.php?rest_route=\/wp\/v2\/pages\/247\/revisions\/479"}],"wp:attachment":[{"href":"https:\/\/gswest.schule.neu-ulm.de\/wordpress\/index.php?rest_route=%2Fwp%2Fv2%2Fmedia&parent=247"}],"curies":[{"name":"wp","href":"https:\/\/api.w.org\/{rel}","templated":true}]}}