{"id":233,"date":"2024-02-02T08:55:19","date_gmt":"2024-02-02T08:55:19","guid":{"rendered":"https:\/\/gswest.schule.neu-ulm.de\/wordpress\/?page_id=233"},"modified":"2024-02-02T08:55:20","modified_gmt":"2024-02-02T08:55:20","slug":"laufbus","status":"publish","type":"page","link":"https:\/\/gswest.schule.neu-ulm.de\/wordpress\/?page_id=233","title":{"rendered":"Laufbus"},"content":{"rendered":"\n<h4 class=\"wp-block-heading\">Mit unseren Laufbussen kommt Ihr Kind zu Fu\u00df zusammen mit anderen Kindern sicher zur Schule.<\/h4>\n\n\n\n<p>Auf diesem Weg:<\/p>\n\n\n\n<ul class=\"wp-block-list\">\n<li>kommen die Kinder in Bewegung und f\u00f6rdern Gesundheit und Konzentration.<\/li>\n<\/ul>\n\n\n\n<ul class=\"wp-block-list\">\n<li>erlangt Ihr Kind erlangt Sicherheit und Selbstst\u00e4ndigkeit im Stra\u00dfenverkehr.<\/li>\n<\/ul>\n\n\n\n<ul class=\"wp-block-list\">\n<li>wird der Verkehr vor der Schule deutlich verringert und entsch\u00e4rft<\/li>\n<\/ul>\n\n\n\n<ul class=\"wp-block-list\">\n<li>werden Sie als Eltern entlastet, da Sie Ihr Kind nicht jeden Tag selber zur Schule bringen oder sich Sorgen machen, ob es den Schulweg gut meistert.<\/li>\n\n\n\n<li>leistet Ihr Kind einen Beitrag zum Umweltschutz.<\/li>\n<\/ul>\n\n\n<div class=\"wp-block-image\">\n<figure class=\"aligncenter size-large is-resized\"><img loading=\"lazy\" decoding=\"async\" width=\"1024\" height=\"865\" src=\"https:\/\/gswest.schule.neu-ulm.de\/wordpress\/wp-content\/uploads\/2024\/02\/Linien-mit-Haltestellen-1024x865.jpg\" alt=\"\" class=\"wp-image-230\" style=\"width:429px;height:auto\" srcset=\"https:\/\/gswest.schule.neu-ulm.de\/wordpress\/wp-content\/uploads\/2024\/02\/Linien-mit-Haltestellen-1024x865.jpg 1024w, https:\/\/gswest.schule.neu-ulm.de\/wordpress\/wp-content\/uploads\/2024\/02\/Linien-mit-Haltestellen-300x253.jpg 300w, https:\/\/gswest.schule.neu-ulm.de\/wordpress\/wp-content\/uploads\/2024\/02\/Linien-mit-Haltestellen-768x649.jpg 768w, https:\/\/gswest.schule.neu-ulm.de\/wordpress\/wp-content\/uploads\/2024\/02\/Linien-mit-Haltestellen.jpg 1050w\" sizes=\"auto, (max-width: 1024px) 100vw, 1024px\" \/><\/figure>\n<\/div>\n\n\n<p>Insgesamt wurden vier Laufbuslinien eingerichtet und farblich unterschiedlich markiert. Dabei wurde auf sichere Stra\u00dfen\u00fcberg\u00e4nge geachtet.<\/p>\n\n\n\n<div data-wp-interactive=\"core\/file\" class=\"wp-block-file\"><object data-wp-bind--hidden=\"!state.hasPdfPreview\" hidden class=\"wp-block-file__embed\" data=\"https:\/\/gswest.schule.neu-ulm.de\/wordpress\/wp-content\/uploads\/2024\/02\/ElternbriefLaufbus.pdf\" type=\"application\/pdf\" style=\"width:100%;height:220px\" aria-label=\"Einbettung von ElternbriefLaufbus.\"><\/object><a id=\"wp-block-file--media-cc7bdeab-aa20-4391-b05e-bda4ce214ff8\" href=\"https:\/\/gswest.schule.neu-ulm.de\/wordpress\/wp-content\/uploads\/2024\/02\/ElternbriefLaufbus.pdf\">ElternbriefLaufbus<\/a><a href=\"https:\/\/gswest.schule.neu-ulm.de\/wordpress\/wp-content\/uploads\/2024\/02\/ElternbriefLaufbus.pdf\" class=\"wp-block-file__button wp-element-button\" download aria-describedby=\"wp-block-file--media-cc7bdeab-aa20-4391-b05e-bda4ce214ff8\">Herunterladen<\/a><\/div>\n","protected":false},"excerpt":{"rendered":"<p>Mit unseren Laufbussen kommt Ihr Kind zu Fu\u00df zusammen mit anderen Kindern sicher zur Schule. Auf diesem Weg: Insgesamt wurden vier Laufbuslinien eingerichtet und farblich unterschiedlich markiert. Dabei wurde auf sichere Stra\u00dfen\u00fcberg\u00e4nge geachtet.<\/p>\n","protected":false},"author":1,"featured_media":0,"parent":0,"menu_order":0,"comment_status":"closed","ping_status":"closed","template":"","meta":{"footnotes":""},"class_list":["post-233","page","type-page","status-publish","hentry","entry"],"yoast_head":"<!-- This site is optimized with the Yoast SEO plugin v27.4 - https:\/\/yoast.com\/product\/yoast-seo-wordpress\/ -->\n<title>Laufbus - Grundschule Neu-Ulm Weststadt<\/title>\n<meta name=\"robots\" content=\"index, follow, max-snippet:-1, max-image-preview:large, max-video-preview:-1\" \/>\n<link rel=\"canonical\" href=\"https:\/\/gswest.schule.neu-ulm.de\/wordpress\/?page_id=233\" \/>\n<meta property=\"og:locale\" content=\"de_DE\" \/>\n<meta property=\"og:type\" content=\"article\" \/>\n<meta property=\"og:title\" content=\"Laufbus - Grundschule Neu-Ulm Weststadt\" \/>\n<meta property=\"og:description\" content=\"Mit unseren Laufbussen kommt Ihr Kind zu Fu\u00df zusammen mit anderen Kindern sicher zur Schule. Auf diesem Weg: Insgesamt wurden vier Laufbuslinien eingerichtet und farblich unterschiedlich markiert. Dabei wurde auf sichere Stra\u00dfen\u00fcberg\u00e4nge geachtet.\" \/>\n<meta property=\"og:url\" content=\"https:\/\/gswest.schule.neu-ulm.de\/wordpress\/?page_id=233\" \/>\n<meta property=\"og:site_name\" content=\"Grundschule Neu-Ulm Weststadt\" \/>\n<meta property=\"article:modified_time\" content=\"2024-02-02T08:55:20+00:00\" \/>\n<meta property=\"og:image\" content=\"https:\/\/gswest.schule.neu-ulm.de\/wordpress\/wp-content\/uploads\/2024\/02\/Linien-mit-Haltestellen-1024x865.jpg\" \/>\n<meta name=\"twitter:card\" content=\"summary_large_image\" \/>\n<meta name=\"twitter:label1\" content=\"Gesch\u00e4tzte Lesezeit\" \/>\n\t<meta name=\"twitter:data1\" content=\"1\u00a0Minute\" \/>\n<script type=\"application\/ld+json\" class=\"yoast-schema-graph\">{\"@context\":\"https:\\\/\\\/schema.org\",\"@graph\":[{\"@type\":\"WebPage\",\"@id\":\"https:\\\/\\\/gswest.schule.neu-ulm.de\\\/wordpress\\\/?page_id=233\",\"url\":\"https:\\\/\\\/gswest.schule.neu-ulm.de\\\/wordpress\\\/?page_id=233\",\"name\":\"Laufbus - Grundschule Neu-Ulm Weststadt\",\"isPartOf\":{\"@id\":\"https:\\\/\\\/gswest.schule.neu-ulm.de\\\/wordpress\\\/#website\"},\"primaryImageOfPage\":{\"@id\":\"https:\\\/\\\/gswest.schule.neu-ulm.de\\\/wordpress\\\/?page_id=233#primaryimage\"},\"image\":{\"@id\":\"https:\\\/\\\/gswest.schule.neu-ulm.de\\\/wordpress\\\/?page_id=233#primaryimage\"},\"thumbnailUrl\":\"https:\\\/\\\/gswest.schule.neu-ulm.de\\\/wordpress\\\/wp-content\\\/uploads\\\/2024\\\/02\\\/Linien-mit-Haltestellen-1024x865.jpg\",\"datePublished\":\"2024-02-02T08:55:19+00:00\",\"dateModified\":\"2024-02-02T08:55:20+00:00\",\"breadcrumb\":{\"@id\":\"https:\\\/\\\/gswest.schule.neu-ulm.de\\\/wordpress\\\/?page_id=233#breadcrumb\"},\"inLanguage\":\"de\",\"potentialAction\":[{\"@type\":\"ReadAction\",\"target\":[\"https:\\\/\\\/gswest.schule.neu-ulm.de\\\/wordpress\\\/?page_id=233\"]}]},{\"@type\":\"ImageObject\",\"inLanguage\":\"de\",\"@id\":\"https:\\\/\\\/gswest.schule.neu-ulm.de\\\/wordpress\\\/?page_id=233#primaryimage\",\"url\":\"https:\\\/\\\/gswest.schule.neu-ulm.de\\\/wordpress\\\/wp-content\\\/uploads\\\/2024\\\/02\\\/Linien-mit-Haltestellen.jpg\",\"contentUrl\":\"https:\\\/\\\/gswest.schule.neu-ulm.de\\\/wordpress\\\/wp-content\\\/uploads\\\/2024\\\/02\\\/Linien-mit-Haltestellen.jpg\",\"width\":1050,\"height\":887},{\"@type\":\"BreadcrumbList\",\"@id\":\"https:\\\/\\\/gswest.schule.neu-ulm.de\\\/wordpress\\\/?page_id=233#breadcrumb\",\"itemListElement\":[{\"@type\":\"ListItem\",\"position\":1,\"name\":\"Startseite\",\"item\":\"https:\\\/\\\/gswest.schule.neu-ulm.de\\\/wordpress\\\/\"},{\"@type\":\"ListItem\",\"position\":2,\"name\":\"Laufbus\"}]},{\"@type\":\"WebSite\",\"@id\":\"https:\\\/\\\/gswest.schule.neu-ulm.de\\\/wordpress\\\/#website\",\"url\":\"https:\\\/\\\/gswest.schule.neu-ulm.de\\\/wordpress\\\/\",\"name\":\"Grundschule Neu-Ulm Weststadt\",\"description\":\"\",\"potentialAction\":[{\"@type\":\"SearchAction\",\"target\":{\"@type\":\"EntryPoint\",\"urlTemplate\":\"https:\\\/\\\/gswest.schule.neu-ulm.de\\\/wordpress\\\/?s={search_term_string}\"},\"query-input\":{\"@type\":\"PropertyValueSpecification\",\"valueRequired\":true,\"valueName\":\"search_term_string\"}}],\"inLanguage\":\"de\"}]}<\/script>\n<!-- \/ Yoast SEO plugin. -->","yoast_head_json":{"title":"Laufbus - Grundschule Neu-Ulm Weststadt","robots":{"index":"index","follow":"follow","max-snippet":"max-snippet:-1","max-image-preview":"max-image-preview:large","max-video-preview":"max-video-preview:-1"},"canonical":"https:\/\/gswest.schule.neu-ulm.de\/wordpress\/?page_id=233","og_locale":"de_DE","og_type":"article","og_title":"Laufbus - Grundschule Neu-Ulm Weststadt","og_description":"Mit unseren Laufbussen kommt Ihr Kind zu Fu\u00df zusammen mit anderen Kindern sicher zur Schule. Auf diesem Weg: Insgesamt wurden vier Laufbuslinien eingerichtet und farblich unterschiedlich markiert. Dabei wurde auf sichere Stra\u00dfen\u00fcberg\u00e4nge geachtet.","og_url":"https:\/\/gswest.schule.neu-ulm.de\/wordpress\/?page_id=233","og_site_name":"Grundschule Neu-Ulm Weststadt","article_modified_time":"2024-02-02T08:55:20+00:00","og_image":[{"url":"https:\/\/gswest.schule.neu-ulm.de\/wordpress\/wp-content\/uploads\/2024\/02\/Linien-mit-Haltestellen-1024x865.jpg","type":"","width":"","height":""}],"twitter_card":"summary_large_image","twitter_misc":{"Gesch\u00e4tzte Lesezeit":"1\u00a0Minute"},"schema":{"@context":"https:\/\/schema.org","@graph":[{"@type":"WebPage","@id":"https:\/\/gswest.schule.neu-ulm.de\/wordpress\/?page_id=233","url":"https:\/\/gswest.schule.neu-ulm.de\/wordpress\/?page_id=233","name":"Laufbus - Grundschule Neu-Ulm Weststadt","isPartOf":{"@id":"https:\/\/gswest.schule.neu-ulm.de\/wordpress\/#website"},"primaryImageOfPage":{"@id":"https:\/\/gswest.schule.neu-ulm.de\/wordpress\/?page_id=233#primaryimage"},"image":{"@id":"https:\/\/gswest.schule.neu-ulm.de\/wordpress\/?page_id=233#primaryimage"},"thumbnailUrl":"https:\/\/gswest.schule.neu-ulm.de\/wordpress\/wp-content\/uploads\/2024\/02\/Linien-mit-Haltestellen-1024x865.jpg","datePublished":"2024-02-02T08:55:19+00:00","dateModified":"2024-02-02T08:55:20+00:00","breadcrumb":{"@id":"https:\/\/gswest.schule.neu-ulm.de\/wordpress\/?page_id=233#breadcrumb"},"inLanguage":"de","potentialAction":[{"@type":"ReadAction","target":["https:\/\/gswest.schule.neu-ulm.de\/wordpress\/?page_id=233"]}]},{"@type":"ImageObject","inLanguage":"de","@id":"https:\/\/gswest.schule.neu-ulm.de\/wordpress\/?page_id=233#primaryimage","url":"https:\/\/gswest.schule.neu-ulm.de\/wordpress\/wp-content\/uploads\/2024\/02\/Linien-mit-Haltestellen.jpg","contentUrl":"https:\/\/gswest.schule.neu-ulm.de\/wordpress\/wp-content\/uploads\/2024\/02\/Linien-mit-Haltestellen.jpg","width":1050,"height":887},{"@type":"BreadcrumbList","@id":"https:\/\/gswest.schule.neu-ulm.de\/wordpress\/?page_id=233#breadcrumb","itemListElement":[{"@type":"ListItem","position":1,"name":"Startseite","item":"https:\/\/gswest.schule.neu-ulm.de\/wordpress\/"},{"@type":"ListItem","position":2,"name":"Laufbus"}]},{"@type":"WebSite","@id":"https:\/\/gswest.schule.neu-ulm.de\/wordpress\/#website","url":"https:\/\/gswest.schule.neu-ulm.de\/wordpress\/","name":"Grundschule Neu-Ulm Weststadt","description":"","potentialAction":[{"@type":"SearchAction","target":{"@type":"EntryPoint","urlTemplate":"https:\/\/gswest.schule.neu-ulm.de\/wordpress\/?s={search_term_string}"},"query-input":{"@type":"PropertyValueSpecification","valueRequired":true,"valueName":"search_term_string"}}],"inLanguage":"de"}]}},"_links":{"self":[{"href":"https:\/\/gswest.schule.neu-ulm.de\/wordpress\/index.php?rest_route=\/wp\/v2\/pages\/233","targetHints":{"allow":["GET"]}}],"collection":[{"href":"https:\/\/gswest.schule.neu-ulm.de\/wordpress\/index.php?rest_route=\/wp\/v2\/pages"}],"about":[{"href":"https:\/\/gswest.schule.neu-ulm.de\/wordpress\/index.php?rest_route=\/wp\/v2\/types\/page"}],"author":[{"embeddable":true,"href":"https:\/\/gswest.schule.neu-ulm.de\/wordpress\/index.php?rest_route=\/wp\/v2\/users\/1"}],"replies":[{"embeddable":true,"href":"https:\/\/gswest.schule.neu-ulm.de\/wordpress\/index.php?rest_route=%2Fwp%2Fv2%2Fcomments&post=233"}],"version-history":[{"count":2,"href":"https:\/\/gswest.schule.neu-ulm.de\/wordpress\/index.php?rest_route=\/wp\/v2\/pages\/233\/revisions"}],"predecessor-version":[{"id":242,"href":"https:\/\/gswest.schule.neu-ulm.de\/wordpress\/index.php?rest_route=\/wp\/v2\/pages\/233\/revisions\/242"}],"wp:attachment":[{"href":"https:\/\/gswest.schule.neu-ulm.de\/wordpress\/index.php?rest_route=%2Fwp%2Fv2%2Fmedia&parent=233"}],"curies":[{"name":"wp","href":"https:\/\/api.w.org\/{rel}","templated":true}]}}