{"id":179,"date":"2024-01-30T08:53:12","date_gmt":"2024-01-30T08:53:12","guid":{"rendered":"https:\/\/gswest.schule.neu-ulm.de\/wordpress\/?page_id=179"},"modified":"2024-01-30T08:54:48","modified_gmt":"2024-01-30T08:54:48","slug":"unterrichtszeiten","status":"publish","type":"page","link":"https:\/\/gswest.schule.neu-ulm.de\/wordpress\/?page_id=179","title":{"rendered":"Unterrichtszeiten"},"content":{"rendered":"\n<p><em><strong>Bitte achten Sie darauf, dass Ihr Kind rechtzeitig zum Unterrichtsbeginn da ist. Unsere Eingangst\u00fcren sind aus Sicherheitsgr\u00fcnden zeitverriegelt und ab Unterrichtsbeginn verschlossen!<\/strong><\/em><\/p>\n\n\n\n<p>Die Ankunftszeit ist 7.30 Uhr; ab diesem Zeitpunkt k\u00f6nnen <strong>die Kinder<\/strong> in die Schule und <strong>sollten sp\u00e4testens bis 7.40 Uhr am Klassenzimmer sein<\/strong>!<\/p>\n\n\n\n<p>Hier sehen Sie einen \u00dcberblick der Unterrichtszeiten unserer Schule:<\/p>\n\n\n\n<figure class=\"wp-block-table\"><table><tbody><tr><td>1. Stunde<\/td><td>07:45 \u2013 08:30<\/td><\/tr><tr><td>2. Stunde<\/td><td>08:30 \u2013 09:15<\/td><\/tr><tr><td><strong>Pause<\/strong><\/td><td><strong>15 Min.<\/strong><\/td><\/tr><tr><td>3. Stunde<\/td><td>09:30 \u2013 10:15<\/td><\/tr><tr><td>4. Stunde<\/td><td>10:15 \u2013 11:00<\/td><\/tr><tr><td><strong>Pause<\/strong><\/td><td><strong>15&nbsp;Min.<\/strong><\/td><\/tr><tr><td>5. Stunde<\/td><td>11:15 \u2013 12:00<\/td><\/tr><tr><td>6. Stunde<\/td><td>12:00 \u2013 12:45<\/td><\/tr><\/tbody><\/table><\/figure>\n","protected":false},"excerpt":{"rendered":"<p>Bitte achten Sie darauf, dass Ihr Kind rechtzeitig zum Unterrichtsbeginn da ist. Unsere Eingangst\u00fcren sind aus Sicherheitsgr\u00fcnden zeitverriegelt und ab Unterrichtsbeginn verschlossen! Die Ankunftszeit ist 7.30 Uhr; ab diesem Zeitpunkt k\u00f6nnen die Kinder in die Schule und sollten sp\u00e4testens bis 7.40 Uhr am Klassenzimmer sein! Hier sehen Sie einen \u00dcberblick der Unterrichtszeiten unserer Schule: 1.&hellip; <a class=\"more-link\" href=\"https:\/\/gswest.schule.neu-ulm.de\/wordpress\/?page_id=179\"><span class=\"screen-reader-text\">Unterrichtszeiten<\/span> weiterlesen<\/a><\/p>\n","protected":false},"author":1,"featured_media":0,"parent":0,"menu_order":0,"comment_status":"closed","ping_status":"closed","template":"","meta":{"footnotes":""},"class_list":["post-179","page","type-page","status-publish","hentry","entry"],"yoast_head":"<!-- This site is optimized with the Yoast SEO plugin v26.9 - https:\/\/yoast.com\/product\/yoast-seo-wordpress\/ -->\n<title>Unterrichtszeiten - Grundschule Neu-Ulm Weststadt<\/title>\n<meta name=\"robots\" content=\"index, follow, max-snippet:-1, max-image-preview:large, max-video-preview:-1\" \/>\n<link rel=\"canonical\" href=\"https:\/\/gswest.schule.neu-ulm.de\/wordpress\/?page_id=179\" \/>\n<meta property=\"og:locale\" content=\"de_DE\" \/>\n<meta property=\"og:type\" content=\"article\" \/>\n<meta property=\"og:title\" content=\"Unterrichtszeiten - Grundschule Neu-Ulm Weststadt\" \/>\n<meta property=\"og:description\" content=\"Bitte achten Sie darauf, dass Ihr Kind rechtzeitig zum Unterrichtsbeginn da ist. Unsere Eingangst\u00fcren sind aus Sicherheitsgr\u00fcnden zeitverriegelt und ab Unterrichtsbeginn verschlossen! Die Ankunftszeit ist 7.30 Uhr; ab diesem Zeitpunkt k\u00f6nnen die Kinder in die Schule und sollten sp\u00e4testens bis 7.40 Uhr am Klassenzimmer sein! Hier sehen Sie einen \u00dcberblick der Unterrichtszeiten unserer Schule: 1.&hellip; Unterrichtszeiten weiterlesen\" \/>\n<meta property=\"og:url\" content=\"https:\/\/gswest.schule.neu-ulm.de\/wordpress\/?page_id=179\" \/>\n<meta property=\"og:site_name\" content=\"Grundschule Neu-Ulm Weststadt\" \/>\n<meta property=\"article:modified_time\" content=\"2024-01-30T08:54:48+00:00\" \/>\n<meta name=\"twitter:card\" content=\"summary_large_image\" \/>\n<meta name=\"twitter:label1\" content=\"Gesch\u00e4tzte Lesezeit\" \/>\n\t<meta name=\"twitter:data1\" content=\"1\u00a0Minute\" \/>\n<script type=\"application\/ld+json\" class=\"yoast-schema-graph\">{\"@context\":\"https:\/\/schema.org\",\"@graph\":[{\"@type\":\"WebPage\",\"@id\":\"https:\/\/gswest.schule.neu-ulm.de\/wordpress\/?page_id=179\",\"url\":\"https:\/\/gswest.schule.neu-ulm.de\/wordpress\/?page_id=179\",\"name\":\"Unterrichtszeiten - Grundschule Neu-Ulm Weststadt\",\"isPartOf\":{\"@id\":\"https:\/\/gswest.schule.neu-ulm.de\/wordpress\/#website\"},\"datePublished\":\"2024-01-30T08:53:12+00:00\",\"dateModified\":\"2024-01-30T08:54:48+00:00\",\"breadcrumb\":{\"@id\":\"https:\/\/gswest.schule.neu-ulm.de\/wordpress\/?page_id=179#breadcrumb\"},\"inLanguage\":\"de\",\"potentialAction\":[{\"@type\":\"ReadAction\",\"target\":[\"https:\/\/gswest.schule.neu-ulm.de\/wordpress\/?page_id=179\"]}]},{\"@type\":\"BreadcrumbList\",\"@id\":\"https:\/\/gswest.schule.neu-ulm.de\/wordpress\/?page_id=179#breadcrumb\",\"itemListElement\":[{\"@type\":\"ListItem\",\"position\":1,\"name\":\"Startseite\",\"item\":\"https:\/\/gswest.schule.neu-ulm.de\/wordpress\/\"},{\"@type\":\"ListItem\",\"position\":2,\"name\":\"Unterrichtszeiten\"}]},{\"@type\":\"WebSite\",\"@id\":\"https:\/\/gswest.schule.neu-ulm.de\/wordpress\/#website\",\"url\":\"https:\/\/gswest.schule.neu-ulm.de\/wordpress\/\",\"name\":\"Grundschule Neu-Ulm Weststadt\",\"description\":\"\",\"potentialAction\":[{\"@type\":\"SearchAction\",\"target\":{\"@type\":\"EntryPoint\",\"urlTemplate\":\"https:\/\/gswest.schule.neu-ulm.de\/wordpress\/?s={search_term_string}\"},\"query-input\":{\"@type\":\"PropertyValueSpecification\",\"valueRequired\":true,\"valueName\":\"search_term_string\"}}],\"inLanguage\":\"de\"}]}<\/script>\n<!-- \/ Yoast SEO plugin. -->","yoast_head_json":{"title":"Unterrichtszeiten - Grundschule Neu-Ulm Weststadt","robots":{"index":"index","follow":"follow","max-snippet":"max-snippet:-1","max-image-preview":"max-image-preview:large","max-video-preview":"max-video-preview:-1"},"canonical":"https:\/\/gswest.schule.neu-ulm.de\/wordpress\/?page_id=179","og_locale":"de_DE","og_type":"article","og_title":"Unterrichtszeiten - Grundschule Neu-Ulm Weststadt","og_description":"Bitte achten Sie darauf, dass Ihr Kind rechtzeitig zum Unterrichtsbeginn da ist. Unsere Eingangst\u00fcren sind aus Sicherheitsgr\u00fcnden zeitverriegelt und ab Unterrichtsbeginn verschlossen! Die Ankunftszeit ist 7.30 Uhr; ab diesem Zeitpunkt k\u00f6nnen die Kinder in die Schule und sollten sp\u00e4testens bis 7.40 Uhr am Klassenzimmer sein! Hier sehen Sie einen \u00dcberblick der Unterrichtszeiten unserer Schule: 1.&hellip; Unterrichtszeiten weiterlesen","og_url":"https:\/\/gswest.schule.neu-ulm.de\/wordpress\/?page_id=179","og_site_name":"Grundschule Neu-Ulm Weststadt","article_modified_time":"2024-01-30T08:54:48+00:00","twitter_card":"summary_large_image","twitter_misc":{"Gesch\u00e4tzte Lesezeit":"1\u00a0Minute"},"schema":{"@context":"https:\/\/schema.org","@graph":[{"@type":"WebPage","@id":"https:\/\/gswest.schule.neu-ulm.de\/wordpress\/?page_id=179","url":"https:\/\/gswest.schule.neu-ulm.de\/wordpress\/?page_id=179","name":"Unterrichtszeiten - Grundschule Neu-Ulm Weststadt","isPartOf":{"@id":"https:\/\/gswest.schule.neu-ulm.de\/wordpress\/#website"},"datePublished":"2024-01-30T08:53:12+00:00","dateModified":"2024-01-30T08:54:48+00:00","breadcrumb":{"@id":"https:\/\/gswest.schule.neu-ulm.de\/wordpress\/?page_id=179#breadcrumb"},"inLanguage":"de","potentialAction":[{"@type":"ReadAction","target":["https:\/\/gswest.schule.neu-ulm.de\/wordpress\/?page_id=179"]}]},{"@type":"BreadcrumbList","@id":"https:\/\/gswest.schule.neu-ulm.de\/wordpress\/?page_id=179#breadcrumb","itemListElement":[{"@type":"ListItem","position":1,"name":"Startseite","item":"https:\/\/gswest.schule.neu-ulm.de\/wordpress\/"},{"@type":"ListItem","position":2,"name":"Unterrichtszeiten"}]},{"@type":"WebSite","@id":"https:\/\/gswest.schule.neu-ulm.de\/wordpress\/#website","url":"https:\/\/gswest.schule.neu-ulm.de\/wordpress\/","name":"Grundschule Neu-Ulm Weststadt","description":"","potentialAction":[{"@type":"SearchAction","target":{"@type":"EntryPoint","urlTemplate":"https:\/\/gswest.schule.neu-ulm.de\/wordpress\/?s={search_term_string}"},"query-input":{"@type":"PropertyValueSpecification","valueRequired":true,"valueName":"search_term_string"}}],"inLanguage":"de"}]}},"_links":{"self":[{"href":"https:\/\/gswest.schule.neu-ulm.de\/wordpress\/index.php?rest_route=\/wp\/v2\/pages\/179","targetHints":{"allow":["GET"]}}],"collection":[{"href":"https:\/\/gswest.schule.neu-ulm.de\/wordpress\/index.php?rest_route=\/wp\/v2\/pages"}],"about":[{"href":"https:\/\/gswest.schule.neu-ulm.de\/wordpress\/index.php?rest_route=\/wp\/v2\/types\/page"}],"author":[{"embeddable":true,"href":"https:\/\/gswest.schule.neu-ulm.de\/wordpress\/index.php?rest_route=\/wp\/v2\/users\/1"}],"replies":[{"embeddable":true,"href":"https:\/\/gswest.schule.neu-ulm.de\/wordpress\/index.php?rest_route=%2Fwp%2Fv2%2Fcomments&post=179"}],"version-history":[{"count":2,"href":"https:\/\/gswest.schule.neu-ulm.de\/wordpress\/index.php?rest_route=\/wp\/v2\/pages\/179\/revisions"}],"predecessor-version":[{"id":185,"href":"https:\/\/gswest.schule.neu-ulm.de\/wordpress\/index.php?rest_route=\/wp\/v2\/pages\/179\/revisions\/185"}],"wp:attachment":[{"href":"https:\/\/gswest.schule.neu-ulm.de\/wordpress\/index.php?rest_route=%2Fwp%2Fv2%2Fmedia&parent=179"}],"curies":[{"name":"wp","href":"https:\/\/api.w.org\/{rel}","templated":true}]}}